{"id":2751,"date":"2024-01-12T17:47:59","date_gmt":"2024-01-12T22:47:59","guid":{"rendered":"https:\/\/durrantfarms.com\/product\/kit-de-fieltro-de-mariposa\/"},"modified":"2024-01-12T17:47:59","modified_gmt":"2024-01-12T17:47:59","slug":"kit-de-fieltro-de-mariposa","status":"publish","type":"product","link":"https:\/\/durrantfarms.com\/es\/product\/kit-de-fieltro-de-mariposa\/","title":{"rendered":"Kit de fieltro de mariposa"},"content":{"rendered":"<p>Maravilloso kit de la artista Dani Ives con una mariposa cola de golondrina amarilla en una bolsa de 20 cm. \u00a1Aro! Se trata de un kit intermedio. Recomendamos tener al menos un poco de experiencia en fieltrado plano con aguja antes de abordar este proyecto. Tenga en cuenta que, a diferencia de nuestros otros kits, no hay hoja de instrucciones. En su lugar, obtendr\u00e1s un tutorial de v\u00eddeo en profundidad impartido por Dani.<\/p>\n<h2><\/h2>\n<p>El kit est\u00e1 muy bien empaquetado e incluye<\/p>\n<p>Hoja informativa sobre fieltro de aguja<br \/>\nEnlace a las instrucciones en v\u00eddeo<br \/>\nDos agujas de fieltro codificadas por colores en un pr\u00e1ctico tubo de papel<br \/>\nLana para fieltrar (todas las Felter&#8217;s Palette)<br \/>\nSoporte de tejido 100% lino<br \/>\n8 pulgadas de alta calidad. aro de madera<br \/>\nEstera de espuma 10&#215;10<br \/>\nPatr\u00f3n de mariposa<\/p>\n<p>&nbsp;<\/p>\n<p>Tambi\u00e9n necesitar\u00e1s:<\/p>\n<p>Un rotulador para tela o Sharpie para transferir el patr\u00f3n al lino. Adem\u00e1s, tijeras y pegamento para fijar el dibujo en el aro una vez terminado. Se recomienda utilizar cola caliente.<\/p>\n<p>Este kit est\u00e1 destinado a adultos y ni\u00f1os mayores de 10 a\u00f1os. que posean buena destreza manual, coordinaci\u00f3n mano-ojo y capacidad para trabajar con concentraci\u00f3n y cuidado. (Precauci\u00f3n: las agujas de fieltrar son afiladas).<\/p>\n","protected":false},"excerpt":{"rendered":"<p>Maravilloso kit de la artista Dani Ives con una mariposa cola de golondrina amarilla en una bolsa de 20 cm. \u00a1Aro! Se trata de un kit intermedio. Recomendamos tener al menos un poco de experiencia en fieltrado plano con aguja antes de abordar este proyecto. Tenga en cuenta que, a diferencia de nuestros otros kits, [&hellip;]<\/p>\n","protected":false},"featured_media":2597,"comment_status":"open","ping_status":"closed","template":"","meta":[],"product_brand":[],"product_cat":[39],"product_tag":[],"class_list":{"0":"post-2751","1":"product","2":"type-product","3":"status-publish","4":"has-post-thumbnail","6":"product_cat-craft-diy","8":"first","9":"instock","10":"taxable","11":"shipping-taxable","12":"product-type-simple"},"booking_location":null,"booking_location_type":null,"booking_duration":null,"booking_duration_unit":null,"booking_buffer":null,"booking_cost":null,"booking_resources":null,"cubewp_post_meta":[],"taxonomies":["simple","Craft &amp; DIY","Opcional"],"_links":{"self":[{"href":"https:\/\/durrantfarms.com\/es\/wp-json\/wp\/v2\/product\/2751","targetHints":{"allow":["GET"]}}],"collection":[{"href":"https:\/\/durrantfarms.com\/es\/wp-json\/wp\/v2\/product"}],"about":[{"href":"https:\/\/durrantfarms.com\/es\/wp-json\/wp\/v2\/types\/product"}],"replies":[{"embeddable":true,"href":"https:\/\/durrantfarms.com\/es\/wp-json\/wp\/v2\/comments?post=2751"}],"wp:featuredmedia":[{"embeddable":true,"href":"https:\/\/durrantfarms.com\/es\/wp-json\/wp\/v2\/media\/2597"}],"wp:attachment":[{"href":"https:\/\/durrantfarms.com\/es\/wp-json\/wp\/v2\/media?parent=2751"}],"wp:term":[{"taxonomy":"product_brand","embeddable":true,"href":"https:\/\/durrantfarms.com\/es\/wp-json\/wp\/v2\/product_brand?post=2751"},{"taxonomy":"product_cat","embeddable":true,"href":"https:\/\/durrantfarms.com\/es\/wp-json\/wp\/v2\/product_cat?post=2751"},{"taxonomy":"product_tag","embeddable":true,"href":"https:\/\/durrantfarms.com\/es\/wp-json\/wp\/v2\/product_tag?post=2751"}],"curies":[{"name":"wp","href":"https:\/\/api.w.org\/{rel}","templated":true}]}}