{"id":2777,"date":"2023-12-17T05:39:19","date_gmt":"2023-12-17T10:39:19","guid":{"rendered":"https:\/\/durrantfarms.com\/product\/alfombrilla-de-espuma-10-x-10\/"},"modified":"2023-12-17T05:39:19","modified_gmt":"2023-12-17T05:39:19","slug":"alfombrilla-de-espuma-10-x-10","status":"publish","type":"product","link":"https:\/\/durrantfarms.com\/es\/product\/alfombrilla-de-espuma-10-x-10\/","title":{"rendered":"Alfombrilla de espuma 10 x 10"},"content":{"rendered":"<p>Se trata de una alfombrilla de espuma de buen tama\u00f1o, lo suficientemente grande para la mayor\u00eda de los proyectos. Este es el tama\u00f1o que recomendamos para nuestros kits de pintar con lana y colorear con lana, que se enmarcan en un cuadro de 7 pulgadas. aro de bordar.<\/p>\n<p>La mayor\u00eda de las personas que se inician en el fieltrado eligen la espuma para reducir costes mientras prueban. Ten en cuenta que una alfombrilla de espuma firme aguantar\u00e1 un tiempo (dependiendo del tipo de proyectos que hagas), pero tendr\u00e1s que cambiarla cuando empiece a estropearse.<\/p>\n<p>Mide 10 pulg. cuadrado, y 2 pulg. gruesa.<\/p>\n<p>El kit de fieltro Mountain Sunset no incluye esterilla de fieltro. Si a\u00fan no tienes una esterilla de fieltro, tendr\u00e1s que comprar una. Este es el felpudo de acompa\u00f1amiento para completar el proyecto.<\/p>\n","protected":false},"excerpt":{"rendered":"<p>Instrucciones para los invitados despu\u00e9s de la compra:<br \/>\n\u00bfQuiere que le llevemos su colchoneta de espuma a la casa de hu\u00e9spedes? Env\u00edenos un mensaje r\u00e1pido y se lo traeremos. O no dude en pasarse por nuestra casa cuando salga y se lo tendremos preparado.<\/p>\n","protected":false},"featured_media":2149,"comment_status":"open","ping_status":"closed","template":"","meta":[],"product_brand":[],"product_cat":[39],"product_tag":[],"class_list":{"0":"post-2777","1":"product","2":"type-product","3":"status-publish","4":"has-post-thumbnail","6":"product_cat-craft-diy","8":"first","9":"instock","10":"taxable","11":"shipping-taxable","12":"product-type-simple"},"booking_location":null,"booking_location_type":null,"booking_duration":null,"booking_duration_unit":null,"booking_buffer":null,"booking_cost":null,"booking_resources":null,"cubewp_post_meta":[],"taxonomies":["simple","Craft &amp; DIY","Opcional"],"_links":{"self":[{"href":"https:\/\/durrantfarms.com\/es\/wp-json\/wp\/v2\/product\/2777","targetHints":{"allow":["GET"]}}],"collection":[{"href":"https:\/\/durrantfarms.com\/es\/wp-json\/wp\/v2\/product"}],"about":[{"href":"https:\/\/durrantfarms.com\/es\/wp-json\/wp\/v2\/types\/product"}],"replies":[{"embeddable":true,"href":"https:\/\/durrantfarms.com\/es\/wp-json\/wp\/v2\/comments?post=2777"}],"wp:featuredmedia":[{"embeddable":true,"href":"https:\/\/durrantfarms.com\/es\/wp-json\/wp\/v2\/media\/2149"}],"wp:attachment":[{"href":"https:\/\/durrantfarms.com\/es\/wp-json\/wp\/v2\/media?parent=2777"}],"wp:term":[{"taxonomy":"product_brand","embeddable":true,"href":"https:\/\/durrantfarms.com\/es\/wp-json\/wp\/v2\/product_brand?post=2777"},{"taxonomy":"product_cat","embeddable":true,"href":"https:\/\/durrantfarms.com\/es\/wp-json\/wp\/v2\/product_cat?post=2777"},{"taxonomy":"product_tag","embeddable":true,"href":"https:\/\/durrantfarms.com\/es\/wp-json\/wp\/v2\/product_tag?post=2777"}],"curies":[{"name":"wp","href":"https:\/\/api.w.org\/{rel}","templated":true}]}}