{"id":2778,"date":"2023-12-17T05:43:34","date_gmt":"2023-12-17T10:43:34","guid":{"rendered":"https:\/\/durrantfarms.com\/product\/pacarino-blend-sport-weight-yarn\/"},"modified":"2023-12-17T05:43:34","modified_gmt":"2023-12-17T05:43:34","slug":"pacarino-blend-sport-weight-yarn","status":"publish","type":"product","link":"https:\/\/durrantfarms.com\/es\/product\/pacarino-blend-sport-weight-yarn\/","title":{"rendered":"Pacarino Blend &#8211; Sport Weight Yarn"},"content":{"rendered":"<p>Denali ha sido nuestra mezcla m\u00e1s vendida desde su lanzamiento, hace casi 5 a\u00f1os. Un favorito de los clientes desde el primer d\u00eda y no es de extra\u00f1ar&#8230; \u00a1Creo que es el matrimonio perfecto de fibras! Mezcla de alpaca de primera calidad cultivada en Estados Unidos y lana certificada Carbon Beneficial, este hilo ofrece un tacto inigualable, un brillo impresionante y el equilibrio perfecto entre ca\u00edda y memoria. Ideal para proyectos grandes y peque\u00f1os: experimente la magia de Pacarino\u2122.<\/p>\n<p>Descripci\u00f3n:<br \/>\nTodos los productos de Imperial Yarn son orgullosamente americanos.<\/p>\n<p>Tipo: 2 Ply 6.0 WC Sport<br \/>\nNombre: Denali<br \/>\nColores: Disponible en 16 colores<br \/>\nPeso: 50 gramos<br \/>\nAprox. yardas: 195 yardas por madeja de 50 gramos<br \/>\nMezcla: Pacarino &#8211; Alpaca Americana de primera calidad, lana certificada beneficiosa para el clima<br \/>\nGalga: 26 puntos = 4 pulgadas cuadradas en agujas US 4 (3,5 mm)<\/p>\n","protected":false},"excerpt":{"rendered":"<p>Instrucciones para los invitados despu\u00e9s de la compra:<br \/>\nLe enviaremos un correo electr\u00f3nico cuando recibamos su pedido para hablar sobre el env\u00edo o la recogida. Si es un invitado, le rogamos que organice la recogida antes de salir de la granja. Para los no invitados que realicen una compra, el precio incluir\u00e1 el env\u00edo o la recogida en la granja. Estaremos encantados de presentarte a los chicos si vienes a recogerlos.<\/p>\n","protected":false},"featured_media":4504,"comment_status":"open","ping_status":"closed","template":"","meta":[],"product_brand":[],"product_cat":[39],"product_tag":[],"class_list":{"0":"post-2778","1":"product","2":"type-product","3":"status-publish","4":"has-post-thumbnail","6":"product_cat-craft-diy","8":"first","9":"instock","10":"taxable","11":"shipping-taxable","12":"product-type-variable"},"booking_location":null,"booking_location_type":null,"booking_duration":null,"booking_duration_unit":null,"booking_buffer":null,"booking_cost":null,"booking_resources":null,"cubewp_post_meta":[],"taxonomies":["variable","Craft &amp; DIY","Dusk","Pearl Gray","Sagebrush","Opcional"],"_links":{"self":[{"href":"https:\/\/durrantfarms.com\/es\/wp-json\/wp\/v2\/product\/2778","targetHints":{"allow":["GET"]}}],"collection":[{"href":"https:\/\/durrantfarms.com\/es\/wp-json\/wp\/v2\/product"}],"about":[{"href":"https:\/\/durrantfarms.com\/es\/wp-json\/wp\/v2\/types\/product"}],"replies":[{"embeddable":true,"href":"https:\/\/durrantfarms.com\/es\/wp-json\/wp\/v2\/comments?post=2778"}],"wp:featuredmedia":[{"embeddable":true,"href":"https:\/\/durrantfarms.com\/es\/wp-json\/wp\/v2\/media\/4504"}],"wp:attachment":[{"href":"https:\/\/durrantfarms.com\/es\/wp-json\/wp\/v2\/media?parent=2778"}],"wp:term":[{"taxonomy":"product_brand","embeddable":true,"href":"https:\/\/durrantfarms.com\/es\/wp-json\/wp\/v2\/product_brand?post=2778"},{"taxonomy":"product_cat","embeddable":true,"href":"https:\/\/durrantfarms.com\/es\/wp-json\/wp\/v2\/product_cat?post=2778"},{"taxonomy":"product_tag","embeddable":true,"href":"https:\/\/durrantfarms.com\/es\/wp-json\/wp\/v2\/product_tag?post=2778"}],"curies":[{"name":"wp","href":"https:\/\/api.w.org\/{rel}","templated":true}]}}