{"id":2779,"date":"2023-12-17T09:31:16","date_gmt":"2023-12-17T14:31:16","guid":{"rendered":"https:\/\/durrantfarms.com\/product\/kit-de-fieltro-para-llamas\/"},"modified":"2024-01-12T19:44:54","modified_gmt":"2024-01-12T19:44:54","slug":"kit-de-fieltro-para-llamas","status":"publish","type":"product","link":"https:\/\/durrantfarms.com\/es\/product\/kit-de-fieltro-para-llamas\/","title":{"rendered":"Kit de fieltro para llamas"},"content":{"rendered":"<p>Este es un maravilloso kit de la artista Dani Ives con una Llama en un 8 en. \u00a1Aro! Se trata de un kit intermedio. Recomendamos tener al menos un poco de experiencia en fieltrado plano con aguja antes de abordar este proyecto. Tenga en cuenta que, a diferencia de nuestros otros kits, no hay hoja de instrucciones. En su lugar, obtendr\u00e1s un tutorial de v\u00eddeo en profundidad impartido por Dani.<\/p>\n<p>El kit est\u00e1 muy bien empaquetado e incluye<br \/>\nHoja informativa sobre fieltro de aguja<br \/>\nEnlace a las instrucciones en v\u00eddeo<br \/>\nDos agujas de fieltro codificadas por colores en un pr\u00e1ctico tubo de papel<br \/>\nLana para fieltrar (todas las Felter&#8217;s Palette)<br \/>\nSoporte de fieltro 100% lana<br \/>\n8 pulgadas de alta calidad. aro de madera<br \/>\nEstera de espuma 10&#215;10<br \/>\nPatr\u00f3n de llama<br \/>\nRotulador para plancha<\/p>\n<p>Tambi\u00e9n necesitar\u00e1s:<br \/>\nUna plancha, para transferir el dibujo al fieltro. Adem\u00e1s, tijeras y pegamento para fijar el dibujo en el aro una vez terminado. Se recomienda utilizar cola caliente.<\/p>\n<p>Este kit est\u00e1 destinado a adultos y ni\u00f1os mayores de 10 a\u00f1os. que posean buena destreza manual, coordinaci\u00f3n mano-ojo y capacidad para trabajar con concentraci\u00f3n y cuidado. (Precauci\u00f3n: las agujas de fieltrar son afiladas).<\/p>\n","protected":false},"excerpt":{"rendered":"<p>Este es un maravilloso kit de la artista Dani Ives con una Llama en un 8 en. \u00a1Aro! Se trata de un kit intermedio. Recomendamos tener al menos un poco de experiencia en fieltrado plano con aguja antes de abordar este proyecto. Tenga en cuenta que, a diferencia de nuestros otros kits, no hay hoja [&hellip;]<\/p>\n","protected":false},"featured_media":2161,"comment_status":"open","ping_status":"closed","template":"","meta":[],"product_brand":[],"product_cat":[39],"product_tag":[],"class_list":{"0":"post-2779","1":"product","2":"type-product","3":"status-publish","4":"has-post-thumbnail","6":"product_cat-craft-diy","8":"first","9":"instock","10":"taxable","11":"shipping-taxable","12":"product-type-simple"},"booking_location":null,"booking_location_type":null,"booking_duration":null,"booking_duration_unit":null,"booking_buffer":null,"booking_cost":null,"booking_resources":null,"cubewp_post_meta":[],"taxonomies":["simple","Craft &amp; DIY","Opcional"],"_links":{"self":[{"href":"https:\/\/durrantfarms.com\/es\/wp-json\/wp\/v2\/product\/2779","targetHints":{"allow":["GET"]}}],"collection":[{"href":"https:\/\/durrantfarms.com\/es\/wp-json\/wp\/v2\/product"}],"about":[{"href":"https:\/\/durrantfarms.com\/es\/wp-json\/wp\/v2\/types\/product"}],"replies":[{"embeddable":true,"href":"https:\/\/durrantfarms.com\/es\/wp-json\/wp\/v2\/comments?post=2779"}],"wp:featuredmedia":[{"embeddable":true,"href":"https:\/\/durrantfarms.com\/es\/wp-json\/wp\/v2\/media\/2161"}],"wp:attachment":[{"href":"https:\/\/durrantfarms.com\/es\/wp-json\/wp\/v2\/media?parent=2779"}],"wp:term":[{"taxonomy":"product_brand","embeddable":true,"href":"https:\/\/durrantfarms.com\/es\/wp-json\/wp\/v2\/product_brand?post=2779"},{"taxonomy":"product_cat","embeddable":true,"href":"https:\/\/durrantfarms.com\/es\/wp-json\/wp\/v2\/product_cat?post=2779"},{"taxonomy":"product_tag","embeddable":true,"href":"https:\/\/durrantfarms.com\/es\/wp-json\/wp\/v2\/product_tag?post=2779"}],"curies":[{"name":"wp","href":"https:\/\/api.w.org\/{rel}","templated":true}]}}