{"id":2789,"date":"2023-12-17T05:36:07","date_gmt":"2023-12-17T10:36:07","guid":{"rendered":"https:\/\/durrantfarms.com\/product\/bolas-de-fieltro-para-secadora\/"},"modified":"2023-12-17T05:36:07","modified_gmt":"2023-12-17T05:36:07","slug":"bolas-de-fieltro-para-secadora","status":"publish","type":"product","link":"https:\/\/durrantfarms.com\/es\/product\/bolas-de-fieltro-para-secadora\/","title":{"rendered":"Bolas de fieltro para secadora"},"content":{"rendered":"<p>Fieltro 100% Alpaca Americana. Todos los productos se fabrican con orgullo en los Estados Unidos de Am\u00e9rica con fibra 100% cultivada en Am\u00e9rica. Beneficioso para el clima Verificado por Fibershed.<\/p>\n<p>Se venden en juegos de 3. Confeccionadas en 100% alpaca americana, estas bolas para secadora son una alternativa segura y econ\u00f3mica a las hojas de secadora comerciales. Modo de empleo: Introduce las 3 bolas en la secadora con la ropa h\u00fameda y deja que hagan su magia.<\/p>\n<p>&#8211; Reduce la adherencia est\u00e1tica<br \/>\n&#8211; Reduce el tiempo de secado y ahorra energ\u00eda<br \/>\n&#8211; Hipoalerg\u00e9nico &#8211; Perfecto para la delicada piel de los reci\u00e9n nacidos y las pieles m\u00e1s sensibles<br \/>\n&#8211; Sustituye las hojas de secadora para suavizar la ropa sin productos qu\u00edmicos<br \/>\n&#8211; 100% estadounidense<br \/>\n&#8211; Reutilizable para m\u00e1s de 500 lavados<\/p>\n<p>Para una colada fabulosamente perfumada, util\u00edcelo junto con nuestro Spray para Bolas de Secadora con aroma a Lavanda.<\/p>\n","protected":false},"excerpt":{"rendered":"<p>Instrucciones para los invitados despu\u00e9s de la compra:<br \/>\n\u00bfQuiere que le llevemos a la pensi\u00f3n sus nuevas bolas de fieltro para secadora? Env\u00edenos un mensaje r\u00e1pido y se los traeremos. O no dude en pasarse por nuestra casa cuando salga y se las tendremos preparadas.<\/p>\n","protected":false},"featured_media":2995,"comment_status":"open","ping_status":"closed","template":"","meta":[],"product_brand":[],"product_cat":[42],"product_tag":[],"class_list":{"0":"post-2789","1":"product","2":"type-product","3":"status-publish","4":"has-post-thumbnail","6":"product_cat-local-products","8":"first","9":"instock","10":"taxable","11":"shipping-taxable","12":"product-type-simple"},"booking_location":null,"booking_location_type":null,"booking_duration":null,"booking_duration_unit":null,"booking_buffer":null,"booking_cost":null,"booking_resources":null,"cubewp_post_meta":[],"taxonomies":["simple","Local Products","Opcional"],"_links":{"self":[{"href":"https:\/\/durrantfarms.com\/es\/wp-json\/wp\/v2\/product\/2789","targetHints":{"allow":["GET"]}}],"collection":[{"href":"https:\/\/durrantfarms.com\/es\/wp-json\/wp\/v2\/product"}],"about":[{"href":"https:\/\/durrantfarms.com\/es\/wp-json\/wp\/v2\/types\/product"}],"replies":[{"embeddable":true,"href":"https:\/\/durrantfarms.com\/es\/wp-json\/wp\/v2\/comments?post=2789"}],"wp:featuredmedia":[{"embeddable":true,"href":"https:\/\/durrantfarms.com\/es\/wp-json\/wp\/v2\/media\/2995"}],"wp:attachment":[{"href":"https:\/\/durrantfarms.com\/es\/wp-json\/wp\/v2\/media?parent=2789"}],"wp:term":[{"taxonomy":"product_brand","embeddable":true,"href":"https:\/\/durrantfarms.com\/es\/wp-json\/wp\/v2\/product_brand?post=2789"},{"taxonomy":"product_cat","embeddable":true,"href":"https:\/\/durrantfarms.com\/es\/wp-json\/wp\/v2\/product_cat?post=2789"},{"taxonomy":"product_tag","embeddable":true,"href":"https:\/\/durrantfarms.com\/es\/wp-json\/wp\/v2\/product_tag?post=2789"}],"curies":[{"name":"wp","href":"https:\/\/api.w.org\/{rel}","templated":true}]}}