{"id":2790,"date":"2023-12-04T11:09:28","date_gmt":"2023-12-04T16:09:28","guid":{"rendered":"https:\/\/durrantfarms.com\/product\/kit-de-manualidades-de-fieltro-para-suculentas-lily-pad-diy\/"},"modified":"2024-01-12T19:44:53","modified_gmt":"2024-01-12T19:44:53","slug":"kit-de-manualidades-de-fieltro-para-suculentas-lily-pad-diy","status":"publish","type":"product","link":"https:\/\/durrantfarms.com\/es\/product\/kit-de-manualidades-de-fieltro-para-suculentas-lily-pad-diy\/","title":{"rendered":"Kit de manualidades de fieltro para suculentas Lily Pad DIY"},"content":{"rendered":"<p>Este kit de fieltro de aguja incluye todo lo necesario para hacer una bonita suculenta. Perfecta para un alf\u00e9izar o un espacio de trabajo, \u00a1y no necesita regarse nunca! Se trata de un proyecto bastante complicado con muchas hojitas que hacer, pero con las instrucciones del v\u00eddeo, puede abordarlo incluso un principiante.<\/p>\n<p>Tiempo de fieltrado: unas 3 horas. dependiendo de la velocidad de fieltrado individual.<\/p>\n<p>El kit est\u00e1 muy bien empaquetado e incluye<br \/>\nBeginner&#8217;s Guide to Needle Felting (un poco de informaci\u00f3n general)<br \/>\nHoja de instrucciones con im\u00e1genes de cada paso<br \/>\nEnlace a las instrucciones en v\u00eddeo (muy recomendable)<br \/>\nCuatro agujas de fieltro codificadas por colores en un pr\u00e1ctico tubo de papel<br \/>\nOlla de madera<br \/>\nLana de fieltro<br \/>\nAlfombrilla de lana (la superficie de trabajo)<\/p>\n<p>Este kit est\u00e1 destinado a adultos y ni\u00f1os mayores de 10 a\u00f1os. que posean buena destreza manual, coordinaci\u00f3n mano-ojo y capacidad para trabajar con concentraci\u00f3n y cuidado. (Precauci\u00f3n: las agujas de fieltrar son afiladas).<\/p>\n","protected":false},"excerpt":{"rendered":"<p>Estos peque\u00f1os proyectos de escultura vienen en una caja con todo lo necesario (esterilla incluida). Ideal para regalar o probar el fieltrado con aguja sin una inversi\u00f3n tan grande.<\/p>\n","protected":false},"featured_media":2097,"comment_status":"open","ping_status":"closed","template":"","meta":[],"product_brand":[],"product_cat":[39],"product_tag":[],"class_list":{"0":"post-2790","1":"product","2":"type-product","3":"status-publish","4":"has-post-thumbnail","6":"product_cat-craft-diy","8":"first","9":"instock","10":"taxable","11":"shipping-taxable","12":"product-type-simple"},"cubewp_post_meta":[],"taxonomies":["simple","Craft &amp; DIY","Opcional"],"_links":{"self":[{"href":"https:\/\/durrantfarms.com\/es\/wp-json\/wp\/v2\/product\/2790","targetHints":{"allow":["GET"]}}],"collection":[{"href":"https:\/\/durrantfarms.com\/es\/wp-json\/wp\/v2\/product"}],"about":[{"href":"https:\/\/durrantfarms.com\/es\/wp-json\/wp\/v2\/types\/product"}],"replies":[{"embeddable":true,"href":"https:\/\/durrantfarms.com\/es\/wp-json\/wp\/v2\/comments?post=2790"}],"wp:featuredmedia":[{"embeddable":true,"href":"https:\/\/durrantfarms.com\/es\/wp-json\/wp\/v2\/media\/2097"}],"wp:attachment":[{"href":"https:\/\/durrantfarms.com\/es\/wp-json\/wp\/v2\/media?parent=2790"}],"wp:term":[{"taxonomy":"product_brand","embeddable":true,"href":"https:\/\/durrantfarms.com\/es\/wp-json\/wp\/v2\/product_brand?post=2790"},{"taxonomy":"product_cat","embeddable":true,"href":"https:\/\/durrantfarms.com\/es\/wp-json\/wp\/v2\/product_cat?post=2790"},{"taxonomy":"product_tag","embeddable":true,"href":"https:\/\/durrantfarms.com\/es\/wp-json\/wp\/v2\/product_tag?post=2790"}],"curies":[{"name":"wp","href":"https:\/\/api.w.org\/{rel}","templated":true}]}}