{"id":2792,"date":"2023-12-17T05:32:54","date_gmt":"2023-12-17T05:32:54","guid":{"rendered":"https:\/\/durrantfarms.com\/product\/charcoal-pearl-gray-checkered-farmhouse-throw\/"},"modified":"2024-01-13T04:47:53","modified_gmt":"2024-01-13T04:47:53","slug":"manta-de-granja-a-cuadros-gris-carbon-perla","status":"publish","type":"product","link":"https:\/\/durrantfarms.com\/es\/product\/manta-de-granja-a-cuadros-gris-carbon-perla\/","title":{"rendered":"Manta de granja a cuadros gris carb\u00f3n\/perla"},"content":{"rendered":"<p>Nuestra Fabulosa Colecci\u00f3n Farmhouse vuelve por demanda popular, \u00a1ahora con m\u00e1s colores! Los flecos por los cuatro lados y el cl\u00e1sico tejido a cuadros de b\u00fafalo le confieren una elegancia desenfadada con un suave acabado cepillado que hace que esta pieza de estilo r\u00fastico sea perfecta para acurrucarse en el porche trasero. Tejida por expertos a partir de una mezcla precisa de lana y alpaca beneficiosas para el clima, esta manta promete proporcionar a\u00f1os de comodidad y la clase que s\u00f3lo la fibra natural puede ofrecer.<\/p>\n<p>Colores: Vaquero (carb\u00f3n\/gris perla)<br \/>\nConstrucci\u00f3n: Orgullosamente tejida en EE.UU.<br \/>\nContenido: Alpaca y Merino cultivados en EE.UU., verificados y beneficiosos para el clima<br \/>\nDimensiones Acabado: 45\u2033 x 63\u2033 con flecos<br \/>\nCuidados: Lavar a mano en fr\u00edo, poner a secar o limpiar en seco<br \/>\nPeso 1,75 libras<br \/>\nDimensiones 21 \u00d7 21 \u00d7 6 in<\/p>\n","protected":false},"excerpt":{"rendered":"<p>Instrucciones para los invitados despu\u00e9s de la compra:<br \/>\nLe enviaremos un correo electr\u00f3nico cuando recibamos su pedido para hablar sobre el env\u00edo o la recogida. Si es un invitado, le rogamos que organice la recogida antes de salir de la granja. Para los no invitados que realicen una compra, el precio incluir\u00e1 el env\u00edo o la recogida en la granja. Estaremos encantados de presentarte a los chicos si vienes a recogerlos.<\/p>\n","protected":false},"featured_media":2145,"comment_status":"open","ping_status":"closed","template":"","meta":[],"product_brand":[],"product_cat":[40],"product_tag":[],"class_list":{"0":"post-2792","1":"product","2":"type-product","3":"status-publish","4":"has-post-thumbnail","6":"product_cat-blankets","8":"first","9":"instock","10":"taxable","11":"shipping-taxable","12":"product-type-simple"},"cubewp_post_meta":[],"taxonomies":["simple","Blankets","Opcional"],"_links":{"self":[{"href":"https:\/\/durrantfarms.com\/es\/wp-json\/wp\/v2\/product\/2792","targetHints":{"allow":["GET"]}}],"collection":[{"href":"https:\/\/durrantfarms.com\/es\/wp-json\/wp\/v2\/product"}],"about":[{"href":"https:\/\/durrantfarms.com\/es\/wp-json\/wp\/v2\/types\/product"}],"replies":[{"embeddable":true,"href":"https:\/\/durrantfarms.com\/es\/wp-json\/wp\/v2\/comments?post=2792"}],"wp:featuredmedia":[{"embeddable":true,"href":"https:\/\/durrantfarms.com\/es\/wp-json\/wp\/v2\/media\/2145"}],"wp:attachment":[{"href":"https:\/\/durrantfarms.com\/es\/wp-json\/wp\/v2\/media?parent=2792"}],"wp:term":[{"taxonomy":"product_brand","embeddable":true,"href":"https:\/\/durrantfarms.com\/es\/wp-json\/wp\/v2\/product_brand?post=2792"},{"taxonomy":"product_cat","embeddable":true,"href":"https:\/\/durrantfarms.com\/es\/wp-json\/wp\/v2\/product_cat?post=2792"},{"taxonomy":"product_tag","embeddable":true,"href":"https:\/\/durrantfarms.com\/es\/wp-json\/wp\/v2\/product_tag?post=2792"}],"curies":[{"name":"wp","href":"https:\/\/api.w.org\/{rel}","templated":true}]}}