{"id":2796,"date":"2023-12-17T09:26:00","date_gmt":"2023-12-17T14:26:00","guid":{"rendered":"https:\/\/durrantfarms.com\/product\/kit-de-fieltro-de-aguja-mountain-sunset\/"},"modified":"2024-01-12T19:44:54","modified_gmt":"2024-01-12T19:44:54","slug":"kit-de-fieltro-de-aguja-mountain-sunset","status":"publish","type":"product","link":"https:\/\/durrantfarms.com\/es\/product\/kit-de-fieltro-de-aguja-mountain-sunset\/","title":{"rendered":"Kit de fieltro de aguja Mountain Sunset"},"content":{"rendered":"<p>Este paisaje de lana es un proyecto muy satisfactorio. Bastante f\u00e1cil para un principiante, pero agradable para un fieltrador experimentado. Este kit es un regalo estupendo para un amigo o familiar aficionado a las manualidades, o si lo prefieres, puedes darte un capricho y disfrutar del proceso de creaci\u00f3n de algo bonito. Cu\u00e9lgalo en un lugar especial o reg\u00e1lalo: nada dice \u00abte quiero\u00bb como el arte hecho a mano.<\/p>\n<p>Tiempo de fieltrado: 3-4 horas. dependiendo de la velocidad de fieltrado individual.<\/p>\n<p>El kit est\u00e1 muy bien empaquetado e incluye<br \/>\nBeginner&#8217;s Guide to Needle Felting (un poco de informaci\u00f3n general)<br \/>\nHoja de instrucciones con im\u00e1genes de cada paso<br \/>\nEnlace a las instrucciones en v\u00eddeo (muy recomendable)<br \/>\nDos agujas de fieltro codificadas por colores en un pr\u00e1ctico tubo de papel<br \/>\nDos tipos de lana para fieltrar<br \/>\nSoporte de tejido de lino<br \/>\nAlta calidad 7 in. aro de madera<\/p>\n<p>Tambi\u00e9n necesitar\u00e1s:<br \/>\nTijeras y pegamento para fijar el dibujo en el aro una vez terminado y una esterilla para utilizarla como superficie de trabajo. LA ALFOMBRILLA SE VENDE POR SEPARADO. Elija entre espuma o lana. La espuma es la m\u00e1s econ\u00f3mica, pero es la que m\u00e1s r\u00e1pido se desgasta. La lana es respetuosa con el medio ambiente, muy duradera y funciona especialmente bien para este proyecto, pero la inversi\u00f3n inicial es mayor.<\/p>\n<p>Este kit est\u00e1 destinado a adultos y ni\u00f1os mayores de 10 a\u00f1os. que posean buena destreza manual, coordinaci\u00f3n mano-ojo y capacidad para trabajar con concentraci\u00f3n y cuidado. (Precauci\u00f3n: las agujas de fieltrar son afiladas).<\/p>\n","protected":false},"excerpt":{"rendered":"<p>Este paisaje de lana es un proyecto muy satisfactorio. Bastante f\u00e1cil para un principiante, pero agradable para un fieltrador experimentado. Este kit es un regalo estupendo para un amigo o familiar aficionado a las manualidades, o si lo prefieres, puedes darte un capricho y disfrutar del proceso de creaci\u00f3n de algo bonito. Cu\u00e9lgalo en un [&hellip;]<\/p>\n","protected":false},"featured_media":2157,"comment_status":"open","ping_status":"closed","template":"","meta":[],"product_brand":[],"product_cat":[39],"product_tag":[],"class_list":{"0":"post-2796","1":"product","2":"type-product","3":"status-publish","4":"has-post-thumbnail","6":"product_cat-craft-diy","8":"first","9":"instock","10":"taxable","11":"shipping-taxable","12":"product-type-simple"},"booking_location":null,"booking_location_type":null,"booking_duration":null,"booking_duration_unit":null,"booking_buffer":null,"booking_cost":null,"booking_resources":null,"cubewp_post_meta":[],"taxonomies":["simple","Craft &amp; DIY","Opcional"],"_links":{"self":[{"href":"https:\/\/durrantfarms.com\/es\/wp-json\/wp\/v2\/product\/2796","targetHints":{"allow":["GET"]}}],"collection":[{"href":"https:\/\/durrantfarms.com\/es\/wp-json\/wp\/v2\/product"}],"about":[{"href":"https:\/\/durrantfarms.com\/es\/wp-json\/wp\/v2\/types\/product"}],"replies":[{"embeddable":true,"href":"https:\/\/durrantfarms.com\/es\/wp-json\/wp\/v2\/comments?post=2796"}],"wp:featuredmedia":[{"embeddable":true,"href":"https:\/\/durrantfarms.com\/es\/wp-json\/wp\/v2\/media\/2157"}],"wp:attachment":[{"href":"https:\/\/durrantfarms.com\/es\/wp-json\/wp\/v2\/media?parent=2796"}],"wp:term":[{"taxonomy":"product_brand","embeddable":true,"href":"https:\/\/durrantfarms.com\/es\/wp-json\/wp\/v2\/product_brand?post=2796"},{"taxonomy":"product_cat","embeddable":true,"href":"https:\/\/durrantfarms.com\/es\/wp-json\/wp\/v2\/product_cat?post=2796"},{"taxonomy":"product_tag","embeddable":true,"href":"https:\/\/durrantfarms.com\/es\/wp-json\/wp\/v2\/product_tag?post=2796"}],"curies":[{"name":"wp","href":"https:\/\/api.w.org\/{rel}","templated":true}]}}