{"id":2797,"date":"2023-12-16T13:35:00","date_gmt":"2023-12-16T18:35:00","guid":{"rendered":"https:\/\/durrantfarms.com\/product\/calcetines-pacarino-blend\/"},"modified":"2023-12-16T13:35:00","modified_gmt":"2023-12-16T13:35:00","slug":"calcetines-pacarino-blend","status":"publish","type":"product","link":"https:\/\/durrantfarms.com\/es\/product\/calcetines-pacarino-blend\/","title":{"rendered":"Calcetines Pacarino Blend"},"content":{"rendered":"<p>Los calcetines Mosaic Classic se tejen con lana de alpaca y merino de origen estadounidense, verificada para proteger el clima; esta colorida colecci\u00f3n se ha dise\u00f1ado pensando en el m\u00e1ximo confort y rendimiento. Los rizos Pacarino\u2122 recubren todo el interior del calcet\u00edn, proporcion\u00e1ndote un aplastamiento m\u00e1s sustancial entre los pies y las botas. Los calcetines Pacarino\u2122 son de clima controlado, lo que significa que no s\u00f3lo son c\u00e1lidos en los d\u00edas fr\u00edos, sino que tambi\u00e9n absorben la humedad en los d\u00edas calurosos en los que tus pies sudar\u00edan de forma natural, manteniendo tus pies calientes, secos y sanos. Transpirables (termorreguladores) y naturalmente antimicrobianos y resistentes al olor, estos calcetines son imprescindibles para una salud \u00f3ptima de los pies.<\/p>\n<p>Peque\u00f1o: zapato de mujer 4-6<br \/>\nMediana: Zapato mujer 7-9 y zapato hombre 6-9<br \/>\nGrande: Zapato mujer 9-12+ y zapato hombre 9-12+.<\/p>\n<p>Hecho con nuestra mezcla Pacarino\u2122. Los beneficios son:<\/p>\n<p>Material suave y flexible<br \/>\nProducto resistente y duradero<br \/>\nPropiedades transpirables y antimicrobianas<br \/>\nTermorregulaci\u00f3n natural<br \/>\nCuidados para un uso m\u00e1s prolongado: Lavado delicado en agua fr\u00eda. P\u00f3ngalo plano para secar.<\/p>\n<p>Tenga en cuenta las tallas al realizar el pedido.<\/p>\n","protected":false},"excerpt":{"rendered":"<p>Instrucciones para los invitados despu\u00e9s de la compra:<br \/>\nLe enviaremos un correo electr\u00f3nico cuando recibamos su pedido para hablar sobre el env\u00edo o la recogida. En ese momento, ind\u00edquenos las tallas de su pedido. Si es un invitado, le rogamos que organice la recogida antes de salir de la granja. Para los no invitados que realicen una compra, el precio incluir\u00e1 el env\u00edo o la recogida en la granja. Estaremos encantados de presentarte a los chicos si vienes a recogerlos.<\/p>\n","protected":false},"featured_media":1963,"comment_status":"open","ping_status":"closed","template":"","meta":[],"product_brand":[],"product_cat":[41],"product_tag":[],"class_list":{"0":"post-2797","1":"product","2":"type-product","3":"status-publish","4":"has-post-thumbnail","6":"product_cat-clothing","8":"first","9":"instock","10":"taxable","11":"shipping-taxable","12":"product-type-variable"},"booking_location":null,"booking_location_type":null,"booking_duration":null,"booking_duration_unit":null,"booking_buffer":null,"booking_cost":null,"booking_resources":null,"cubewp_post_meta":[],"taxonomies":["variable","Clothing","Bubbly Tan","Neutrality Black","Poppy Fields Orange","Soo Vanilla White","L","M","S","Opcional"],"_links":{"self":[{"href":"https:\/\/durrantfarms.com\/es\/wp-json\/wp\/v2\/product\/2797","targetHints":{"allow":["GET"]}}],"collection":[{"href":"https:\/\/durrantfarms.com\/es\/wp-json\/wp\/v2\/product"}],"about":[{"href":"https:\/\/durrantfarms.com\/es\/wp-json\/wp\/v2\/types\/product"}],"replies":[{"embeddable":true,"href":"https:\/\/durrantfarms.com\/es\/wp-json\/wp\/v2\/comments?post=2797"}],"wp:featuredmedia":[{"embeddable":true,"href":"https:\/\/durrantfarms.com\/es\/wp-json\/wp\/v2\/media\/1963"}],"wp:attachment":[{"href":"https:\/\/durrantfarms.com\/es\/wp-json\/wp\/v2\/media?parent=2797"}],"wp:term":[{"taxonomy":"product_brand","embeddable":true,"href":"https:\/\/durrantfarms.com\/es\/wp-json\/wp\/v2\/product_brand?post=2797"},{"taxonomy":"product_cat","embeddable":true,"href":"https:\/\/durrantfarms.com\/es\/wp-json\/wp\/v2\/product_cat?post=2797"},{"taxonomy":"product_tag","embeddable":true,"href":"https:\/\/durrantfarms.com\/es\/wp-json\/wp\/v2\/product_tag?post=2797"}],"curies":[{"name":"wp","href":"https:\/\/api.w.org\/{rel}","templated":true}]}}