{"id":2803,"date":"2023-12-04T11:12:41","date_gmt":"2023-12-04T16:12:41","guid":{"rendered":"https:\/\/durrantfarms.com\/product\/jabon-de-alpaca-artesanal-de-origen-local\/"},"modified":"2024-01-12T19:44:54","modified_gmt":"2024-01-12T19:44:54","slug":"jabon-de-alpaca-artesanal-de-origen-local","status":"publish","type":"product","link":"https:\/\/durrantfarms.com\/es\/product\/jabon-de-alpaca-artesanal-de-origen-local\/","title":{"rendered":"Jab\u00f3n de alpaca artesanal de origen local"},"content":{"rendered":"<p>Nos hemos asociado con un jabonero local (JS Soaps) que nos ha ayudado a elegir nuestro \u00abaroma caracter\u00edstico\u00bb y ha creado los jabones m\u00e1s adorables dise\u00f1ados con alpaca para nuestra granja. Hechos a mano con ingredientes y aromas naturales, estos jabones de alpaca huelen incre\u00edblemente bien. El aroma caracter\u00edstico de Durrant Farms se llama \u00abCitrus Sunshine\u00bb. El perfil olfativo es la combinaci\u00f3n perfecta de sol dulce y c\u00e1lido con un toque de lavander\u00eda fresca. Todos los jabones se elaboran con ingredientes seguros y no t\u00f3xicos, aptos para personas con piel sensible o afecciones cut\u00e1neas.<\/p>\n<p>Si usted tiene una preferencia de color, por favor h\u00e1ganoslo saber por correo electr\u00f3nico a hello@durrantfarms.com en el momento de su compra, de lo contrario, su color ser\u00e1 elegido al azar. Todos los colores huelen igual.<\/p>\n","protected":false},"excerpt":{"rendered":"<p>Nos hemos asociado con un jabonero local (JS Soaps) que nos ha ayudado a elegir nuestro \u00abaroma caracter\u00edstico\u00bb y ha creado los jabones m\u00e1s adorables dise\u00f1ados con alpaca para nuestra granja. Hechos a mano con ingredientes y aromas naturales, estos jabones de alpaca huelen incre\u00edblemente bien. El aroma caracter\u00edstico de Durrant Farms se llama \u00abCitrus [&hellip;]<\/p>\n","protected":false},"featured_media":2360,"comment_status":"open","ping_status":"closed","template":"","meta":[],"product_brand":[],"product_cat":[42],"product_tag":[],"class_list":{"0":"post-2803","1":"product","2":"type-product","3":"status-publish","4":"has-post-thumbnail","6":"product_cat-local-products","8":"first","9":"instock","10":"taxable","11":"shipping-taxable","12":"product-type-simple"},"booking_location":null,"booking_location_type":null,"booking_duration":null,"booking_duration_unit":null,"booking_buffer":null,"booking_cost":null,"booking_resources":null,"cubewp_post_meta":[],"taxonomies":["simple","Local Products","Opcional"],"_links":{"self":[{"href":"https:\/\/durrantfarms.com\/es\/wp-json\/wp\/v2\/product\/2803","targetHints":{"allow":["GET"]}}],"collection":[{"href":"https:\/\/durrantfarms.com\/es\/wp-json\/wp\/v2\/product"}],"about":[{"href":"https:\/\/durrantfarms.com\/es\/wp-json\/wp\/v2\/types\/product"}],"replies":[{"embeddable":true,"href":"https:\/\/durrantfarms.com\/es\/wp-json\/wp\/v2\/comments?post=2803"}],"wp:featuredmedia":[{"embeddable":true,"href":"https:\/\/durrantfarms.com\/es\/wp-json\/wp\/v2\/media\/2360"}],"wp:attachment":[{"href":"https:\/\/durrantfarms.com\/es\/wp-json\/wp\/v2\/media?parent=2803"}],"wp:term":[{"taxonomy":"product_brand","embeddable":true,"href":"https:\/\/durrantfarms.com\/es\/wp-json\/wp\/v2\/product_brand?post=2803"},{"taxonomy":"product_cat","embeddable":true,"href":"https:\/\/durrantfarms.com\/es\/wp-json\/wp\/v2\/product_cat?post=2803"},{"taxonomy":"product_tag","embeddable":true,"href":"https:\/\/durrantfarms.com\/es\/wp-json\/wp\/v2\/product_tag?post=2803"}],"curies":[{"name":"wp","href":"https:\/\/api.w.org\/{rel}","templated":true}]}}