{"id":2805,"date":"2023-12-16T13:30:25","date_gmt":"2023-12-16T13:30:25","guid":{"rendered":"https:\/\/durrantfarms.com\/product\/manta-chevron-carbon\/"},"modified":"2023-12-16T13:30:25","modified_gmt":"2023-12-16T13:30:25","slug":"manta-chevron-carbon","status":"publish","type":"product","link":"https:\/\/durrantfarms.com\/es\/product\/manta-chevron-carbon\/","title":{"rendered":"Manta Chevron (carb\u00f3n)"},"content":{"rendered":"<p>Esta manta tejida en fibra natural es retro-chic, con un dise\u00f1o cl\u00e1sico de chevron con un toque nuevo y moderno. Una mezcla precisa de merino beneficioso para el clima y alpaca beneficiosa para el clima compone el hilo de relleno, combinado con una urdimbre de algod\u00f3n org\u00e1nico natural que confiere a esta manta un tacto delicioso y una textura \u00fanica, \u00a1nada menos que digna de acurrucarse! Este lanzamiento de peso patrimonio inclina la balanza en poco m\u00e1s de dos libras de hermosa, American Grown, fibra natural con dimensiones acabadas de \u00bb 46\u2033 Ancho x 70\u2033 Largo (Incluyendo flecos).<\/p>\n<p>Construcci\u00f3n: Orgullosamente tejida en EE.UU.<br \/>\nContenido: Alpaca, merino y algod\u00f3n cultivados en EE.UU.<br \/>\nPeso final: 32 oz. Dimensiones Acabado: 46\u2033 x 70\u2033 con flecos<br \/>\nCuidados: Lavar a mano en fr\u00edo, poner a secar o limpiar en seco<\/p>\n","protected":false},"excerpt":{"rendered":"<p>Instrucciones para los invitados despu\u00e9s de la compra:<br \/>\nLe enviaremos un correo electr\u00f3nico cuando recibamos su pedido para hablar sobre el env\u00edo o la recogida. Si es un invitado, le rogamos que organice la recogida antes de salir de la granja. Para los no invitados que realicen una compra, el precio incluir\u00e1 el env\u00edo o la recogida en la granja. Estaremos encantados de presentarte a los chicos si vienes a recogerlos.<\/p>\n","protected":false},"featured_media":3190,"comment_status":"open","ping_status":"closed","template":"","meta":[],"product_brand":[],"product_cat":[40],"product_tag":[],"class_list":{"0":"post-2805","1":"product","2":"type-product","3":"status-publish","4":"has-post-thumbnail","6":"product_cat-blankets","8":"first","9":"instock","10":"taxable","11":"shipping-taxable","12":"product-type-simple"},"booking_location":null,"booking_location_type":null,"booking_duration":null,"booking_duration_unit":null,"booking_buffer":null,"booking_cost":null,"booking_resources":null,"cubewp_post_meta":[],"taxonomies":["simple","outofstock","Blankets","Opcional"],"_links":{"self":[{"href":"https:\/\/durrantfarms.com\/es\/wp-json\/wp\/v2\/product\/2805","targetHints":{"allow":["GET"]}}],"collection":[{"href":"https:\/\/durrantfarms.com\/es\/wp-json\/wp\/v2\/product"}],"about":[{"href":"https:\/\/durrantfarms.com\/es\/wp-json\/wp\/v2\/types\/product"}],"replies":[{"embeddable":true,"href":"https:\/\/durrantfarms.com\/es\/wp-json\/wp\/v2\/comments?post=2805"}],"wp:featuredmedia":[{"embeddable":true,"href":"https:\/\/durrantfarms.com\/es\/wp-json\/wp\/v2\/media\/3190"}],"wp:attachment":[{"href":"https:\/\/durrantfarms.com\/es\/wp-json\/wp\/v2\/media?parent=2805"}],"wp:term":[{"taxonomy":"product_brand","embeddable":true,"href":"https:\/\/durrantfarms.com\/es\/wp-json\/wp\/v2\/product_brand?post=2805"},{"taxonomy":"product_cat","embeddable":true,"href":"https:\/\/durrantfarms.com\/es\/wp-json\/wp\/v2\/product_cat?post=2805"},{"taxonomy":"product_tag","embeddable":true,"href":"https:\/\/durrantfarms.com\/es\/wp-json\/wp\/v2\/product_tag?post=2805"}],"curies":[{"name":"wp","href":"https:\/\/api.w.org\/{rel}","templated":true}]}}