{"id":2732,"date":"2024-01-12T18:20:19","date_gmt":"2024-01-12T23:20:19","guid":{"rendered":"https:\/\/durrantfarms.com\/product\/savon-artisanal-dorigine-locale-its-a-beautiful-morning\/"},"modified":"2024-01-12T18:20:19","modified_gmt":"2024-01-12T18:20:19","slug":"savon-artisanal-dorigine-locale-its-a-beautiful-morning","status":"publish","type":"product","link":"https:\/\/durrantfarms.com\/fr\/product\/savon-artisanal-dorigine-locale-its-a-beautiful-morning\/","title":{"rendered":"Savon artisanal d&rsquo;origine locale (It&rsquo;s a Beautiful Morning)"},"content":{"rendered":"<p>We\u2019ve partnered with a local soap maker (JS Soaps) who helped us choose our spring collection. Nous nous sommes associ\u00e9s \u00e0 un fabricant de savon local (JS Soaps) qui nous a aid\u00e9s \u00e0 choisir notre collection de printemps. Fabriqu\u00e9s \u00e0 la main avec des senteurs et des ingr\u00e9dients enti\u00e8rement naturels, ces savons artisanaux de 4 oz sentent bon. Le profil olfactif de \u00ab\u00a0It&rsquo;s a Beautiful Morning\u00a0\u00bb est propre et frais ! Tous les savons sont fabriqu\u00e9s \u00e0 partir d&rsquo;ingr\u00e9dients s\u00fbrs et non toxiques qui conviennent aux personnes ayant une peau sensible ou des probl\u00e8mes de peau.<\/p>\n","protected":false},"excerpt":{"rendered":"<p>We\u2019ve partnered with a local soap maker (JS Soaps) who helped us choose our spring collection. Nous nous sommes associ\u00e9s \u00e0 un fabricant de savon local (JS Soaps) qui nous a aid\u00e9s \u00e0 choisir notre collection de printemps. Fabriqu\u00e9s \u00e0 la main avec des senteurs et des ingr\u00e9dients enti\u00e8rement naturels, ces savons artisanaux de 4 [&hellip;]<\/p>\n","protected":false},"featured_media":2649,"comment_status":"open","ping_status":"closed","template":"","meta":[],"product_brand":[],"product_cat":[42],"product_tag":[],"class_list":{"0":"post-2732","1":"product","2":"type-product","3":"status-publish","4":"has-post-thumbnail","6":"product_cat-local-products","8":"first","9":"instock","10":"taxable","11":"shipping-taxable","12":"product-type-simple"},"booking_location":null,"booking_location_type":null,"booking_duration":null,"booking_duration_unit":null,"booking_buffer":null,"booking_cost":null,"booking_resources":null,"cubewp_post_meta":[],"taxonomies":["simple","Local Products"],"_links":{"self":[{"href":"https:\/\/durrantfarms.com\/fr\/wp-json\/wp\/v2\/product\/2732","targetHints":{"allow":["GET"]}}],"collection":[{"href":"https:\/\/durrantfarms.com\/fr\/wp-json\/wp\/v2\/product"}],"about":[{"href":"https:\/\/durrantfarms.com\/fr\/wp-json\/wp\/v2\/types\/product"}],"replies":[{"embeddable":true,"href":"https:\/\/durrantfarms.com\/fr\/wp-json\/wp\/v2\/comments?post=2732"}],"wp:featuredmedia":[{"embeddable":true,"href":"https:\/\/durrantfarms.com\/fr\/wp-json\/wp\/v2\/media\/2649"}],"wp:attachment":[{"href":"https:\/\/durrantfarms.com\/fr\/wp-json\/wp\/v2\/media?parent=2732"}],"wp:term":[{"taxonomy":"product_brand","embeddable":true,"href":"https:\/\/durrantfarms.com\/fr\/wp-json\/wp\/v2\/product_brand?post=2732"},{"taxonomy":"product_cat","embeddable":true,"href":"https:\/\/durrantfarms.com\/fr\/wp-json\/wp\/v2\/product_cat?post=2732"},{"taxonomy":"product_tag","embeddable":true,"href":"https:\/\/durrantfarms.com\/fr\/wp-json\/wp\/v2\/product_tag?post=2732"}],"curies":[{"name":"wp","href":"https:\/\/api.w.org\/{rel}","templated":true}]}}