{"id":2741,"date":"2023-12-17T05:39:19","date_gmt":"2023-12-17T10:39:19","guid":{"rendered":"https:\/\/durrantfarms.com\/product\/tapis-en-mousse-10-x-10\/"},"modified":"2023-12-17T05:39:19","modified_gmt":"2023-12-17T05:39:19","slug":"tapis-en-mousse-10-x-10","status":"publish","type":"product","link":"https:\/\/durrantfarms.com\/fr\/product\/tapis-en-mousse-10-x-10\/","title":{"rendered":"Tapis en mousse 10 x 10"},"content":{"rendered":"<p>Il s&rsquo;agit d&rsquo;un tapis en mousse de bonne taille, suffisamment grand pour la plupart des projets. C&rsquo;est la taille que nous recommandons pour nos kits de peinture avec de la laine et de coloriage avec des kits de laine qui sont encadr\u00e9s dans un format de 7 pouces. cerceau \u00e0 broder.<\/p>\n<p>La plupart des personnes qui d\u00e9butent dans le feutrage choisissent de commencer avec de la mousse pour r\u00e9duire les co\u00fbts pendant qu&rsquo;elles l&rsquo;essaient. Gardez \u00e0 l\u2019esprit qu\u2019un tapis en mousse ferme r\u00e9sistera un certain temps (selon les types de projets que vous r\u00e9alisez) mais devra \u00eatre remplac\u00e9 une fois qu\u2019il commencera \u00e0 se d\u00e9composer.<\/p>\n<p>Mesure 10 po. carr\u00e9 et 2 po. \u00e9paisse.<\/p>\n<p>Le kit de feutrage Mountain Sunset n\u2019est pas livr\u00e9 avec un tapis de feutrage. Si vous ne poss\u00e9dez pas d\u00e9j\u00e0 de tapis de feutrage, vous devrez en acheter un. C&rsquo;est le tapis d&rsquo;accompagnement pour compl\u00e9ter le projet.<\/p>\n","protected":false},"excerpt":{"rendered":"<p>Instructions pour les invit\u00e9s apr\u00e8s l&rsquo;achat :<br \/>\nSouhaitez-vous que nous apportions votre tapis en mousse \u00e0 la maison d&rsquo;h\u00f4tes ? Envoyez-nous un message rapide et nous l&rsquo;apporterons. Envoyez-nous un message rapide et nous l&rsquo;apporterons.<\/p>\n","protected":false},"featured_media":2148,"comment_status":"open","ping_status":"closed","template":"","meta":[],"product_brand":[],"product_cat":[39],"product_tag":[],"class_list":{"0":"post-2741","1":"product","2":"type-product","3":"status-publish","4":"has-post-thumbnail","6":"product_cat-craft-diy","8":"first","9":"instock","10":"taxable","11":"shipping-taxable","12":"product-type-simple"},"booking_location":null,"booking_location_type":null,"booking_duration":null,"booking_duration_unit":null,"booking_buffer":null,"booking_cost":null,"booking_resources":null,"cubewp_post_meta":[],"taxonomies":["simple","Craft &amp; DIY","Facultatif"],"_links":{"self":[{"href":"https:\/\/durrantfarms.com\/fr\/wp-json\/wp\/v2\/product\/2741","targetHints":{"allow":["GET"]}}],"collection":[{"href":"https:\/\/durrantfarms.com\/fr\/wp-json\/wp\/v2\/product"}],"about":[{"href":"https:\/\/durrantfarms.com\/fr\/wp-json\/wp\/v2\/types\/product"}],"replies":[{"embeddable":true,"href":"https:\/\/durrantfarms.com\/fr\/wp-json\/wp\/v2\/comments?post=2741"}],"wp:featuredmedia":[{"embeddable":true,"href":"https:\/\/durrantfarms.com\/fr\/wp-json\/wp\/v2\/media\/2148"}],"wp:attachment":[{"href":"https:\/\/durrantfarms.com\/fr\/wp-json\/wp\/v2\/media?parent=2741"}],"wp:term":[{"taxonomy":"product_brand","embeddable":true,"href":"https:\/\/durrantfarms.com\/fr\/wp-json\/wp\/v2\/product_brand?post=2741"},{"taxonomy":"product_cat","embeddable":true,"href":"https:\/\/durrantfarms.com\/fr\/wp-json\/wp\/v2\/product_cat?post=2741"},{"taxonomy":"product_tag","embeddable":true,"href":"https:\/\/durrantfarms.com\/fr\/wp-json\/wp\/v2\/product_tag?post=2741"}],"curies":[{"name":"wp","href":"https:\/\/api.w.org\/{rel}","templated":true}]}}