{"id":2746,"date":"2023-12-17T05:36:07","date_gmt":"2023-12-17T10:36:07","guid":{"rendered":"https:\/\/durrantfarms.com\/product\/boules-de-sechage-feutrees\/"},"modified":"2023-12-17T05:36:07","modified_gmt":"2023-12-17T05:36:07","slug":"boules-de-sechage-feutrees","status":"publish","type":"product","link":"https:\/\/durrantfarms.com\/fr\/product\/boules-de-sechage-feutrees\/","title":{"rendered":"Boules de s\u00e9chage feutr\u00e9es"},"content":{"rendered":"<p>Feutr\u00e9 \u00e0 partir d\u2019alpaga 100 % am\u00e9ricain. Tous les produits sont fi\u00e8rement fabriqu\u00e9s aux \u00c9tats-Unis d\u2019Am\u00e9rique avec 100 % de fibres cultiv\u00e9es aux \u00c9tats-Unis. B\u00e9n\u00e9fique pour le climat v\u00e9rifi\u00e9 par Fibershed.<\/p>\n<p>Ils sont vendus par lot de 3. Feutr\u00e9es \u00e0 partir d&rsquo;alpaga 100 % am\u00e9ricain, ces boules de s\u00e9chage sont une alternative s\u00fbre et \u00e9conomique aux feuilles de s\u00e9chage commerciales. Pour utiliser : Mettez les 3 boules de s\u00e9cheuse dans la s\u00e9cheuse avec du linge mouill\u00e9 et laissez-les agir comme par magie.<\/p>\n<p>&#8211; R\u00e9duit l&rsquo;adh\u00e9rence statique<br \/>\n&#8211; R\u00e9duit les temps de s\u00e9chage, \u00e9conomisant ainsi les co\u00fbts \u00e9nerg\u00e9tiques<br \/>\n&#8211; Hypoallerg\u00e9nique \u2013 Parfait pour la peau d\u00e9licate des nouveau-n\u00e9s et les peaux les plus sensibles<br \/>\n&#8211; Remplacez les feuilles de s\u00e9chage pour un adoucissement du linge sans produits chimiques.<br \/>\n&#8211; 100 % fabriqu\u00e9 aux \u00c9tats-Unis<br \/>\n&#8211; R\u00e9utilisable pour plus de 500 lavages<\/p>\n<p>Pour un linge fabuleusement parfum\u00e9, utilisez-le en conjonction avec notre boule de s\u00e9chage parfum\u00e9e \u00e0 la lavande.<\/p>\n","protected":false},"excerpt":{"rendered":"<p>Instructions pour les invit\u00e9s apr\u00e8s l&rsquo;achat :<br \/>\nSouhaitez-vous que nous apportions vos nouvelles boules de s\u00e9chage feutr\u00e9es \u00e0 la maison d&rsquo;h\u00f4tes ? Envoyez-nous un message rapide et nous les am\u00e8nerons. Ou n&rsquo;h\u00e9sitez pas \u00e0 passer chez nous en sortant et nous les pr\u00e9parerons pour vous.<\/p>\n","protected":false},"featured_media":2994,"comment_status":"open","ping_status":"closed","template":"","meta":[],"product_brand":[],"product_cat":[42],"product_tag":[],"class_list":{"0":"post-2746","1":"product","2":"type-product","3":"status-publish","4":"has-post-thumbnail","6":"product_cat-local-products","8":"first","9":"instock","10":"taxable","11":"shipping-taxable","12":"product-type-simple"},"booking_location":null,"booking_location_type":null,"booking_duration":null,"booking_duration_unit":null,"booking_buffer":null,"booking_cost":null,"booking_resources":null,"cubewp_post_meta":[],"taxonomies":["simple","Local Products","Facultatif"],"_links":{"self":[{"href":"https:\/\/durrantfarms.com\/fr\/wp-json\/wp\/v2\/product\/2746","targetHints":{"allow":["GET"]}}],"collection":[{"href":"https:\/\/durrantfarms.com\/fr\/wp-json\/wp\/v2\/product"}],"about":[{"href":"https:\/\/durrantfarms.com\/fr\/wp-json\/wp\/v2\/types\/product"}],"replies":[{"embeddable":true,"href":"https:\/\/durrantfarms.com\/fr\/wp-json\/wp\/v2\/comments?post=2746"}],"wp:featuredmedia":[{"embeddable":true,"href":"https:\/\/durrantfarms.com\/fr\/wp-json\/wp\/v2\/media\/2994"}],"wp:attachment":[{"href":"https:\/\/durrantfarms.com\/fr\/wp-json\/wp\/v2\/media?parent=2746"}],"wp:term":[{"taxonomy":"product_brand","embeddable":true,"href":"https:\/\/durrantfarms.com\/fr\/wp-json\/wp\/v2\/product_brand?post=2746"},{"taxonomy":"product_cat","embeddable":true,"href":"https:\/\/durrantfarms.com\/fr\/wp-json\/wp\/v2\/product_cat?post=2746"},{"taxonomy":"product_tag","embeddable":true,"href":"https:\/\/durrantfarms.com\/fr\/wp-json\/wp\/v2\/product_tag?post=2746"}],"curies":[{"name":"wp","href":"https:\/\/api.w.org\/{rel}","templated":true}]}}