{"id":2763,"date":"2023-12-17T05:32:54","date_gmt":"2023-12-17T05:32:54","guid":{"rendered":"https:\/\/durrantfarms.com\/product\/jete-de-ferme-a-carreaux-anthracite-gris-perle\/"},"modified":"2023-12-17T05:32:54","modified_gmt":"2023-12-17T05:32:54","slug":"jete-de-ferme-a-carreaux-anthracite-gris-perle","status":"publish","type":"product","link":"https:\/\/durrantfarms.com\/fr\/product\/jete-de-ferme-a-carreaux-anthracite-gris-perle\/","title":{"rendered":"Jet\u00e9 de ferme \u00e0 carreaux anthracite\/gris perle"},"content":{"rendered":"<p>Notre fabuleuse collection Farmhouse est de retour \u00e0 la demande g\u00e9n\u00e9rale, maintenant avec des coloris \u00e9largis ! La frange \u00e0 quatre c\u00f4t\u00e9s et le tissage classique \u00e0 carreaux de buffle offrent une \u00e9l\u00e9gance d\u00e9contract\u00e9e avec une finition l\u00e9g\u00e8rement bross\u00e9e qui rend cette maison de campagne parfaite pour se blottir sur le porche arri\u00e8re. Tiss\u00e9 de mani\u00e8re experte \u00e0 partir d&rsquo;un m\u00e9lange pr\u00e9cis de laine et d&rsquo;alpaga b\u00e9n\u00e9fiques pour le climat, ce jet\u00e9 promet de fournir des ann\u00e9es de confort et de classe que seules les fibres naturelles peuvent offrir.<\/p>\n<p>Couleurs : Cowboy (anthracite\/gris perle)<br \/>\nConstruction : Fi\u00e8rement tiss\u00e9 aux \u00c9tats-Unis<br \/>\nContenu : alpaga et m\u00e9rinos cultiv\u00e9s aux \u00c9tats-Unis, b\u00e9n\u00e9fiques pour le climat<br \/>\nDimensions finies : 45\u2033 x 63\u2033 Frange<br \/>\nEntretien : Lavage \u00e0 la main \u00e0 l&rsquo;eau froide, s\u00e9chage \u00e0 plat ou nettoyage \u00e0 sec<br \/>\nPoids 1,75 livres<br \/>\nDimensions 21 \u00d7 21 \u00d7 6 po<\/p>\n","protected":false},"excerpt":{"rendered":"<p>Instructions pour les invit\u00e9s apr\u00e8s l&rsquo;achat :<br \/>\nNous vous enverrons un e-mail d\u00e8s r\u00e9ception de votre commande pour discuter de l&rsquo;exp\u00e9dition ou du ramassage. Si vous \u00eates un invit\u00e9, veuillez organiser le ramassage avant de quitter la ferme. Pour les non-clients effectuant un achat, le prix comprendra l&rsquo;exp\u00e9dition ou le ramassage \u00e0 la ferme. Nous serons heureux de vous pr\u00e9senter les gar\u00e7ons si vous venez chercher un pick-up.<\/p>\n","protected":false},"featured_media":2144,"comment_status":"open","ping_status":"closed","template":"","meta":[],"product_brand":[],"product_cat":[40],"product_tag":[],"class_list":{"0":"post-2763","1":"product","2":"type-product","3":"status-publish","4":"has-post-thumbnail","6":"product_cat-blankets","8":"first","9":"instock","10":"taxable","11":"shipping-taxable","12":"product-type-simple"},"booking_location":null,"booking_location_type":null,"booking_duration":null,"booking_duration_unit":null,"booking_buffer":null,"booking_cost":null,"booking_resources":null,"cubewp_post_meta":[],"taxonomies":["simple","Blankets","Facultatif"],"_links":{"self":[{"href":"https:\/\/durrantfarms.com\/fr\/wp-json\/wp\/v2\/product\/2763","targetHints":{"allow":["GET"]}}],"collection":[{"href":"https:\/\/durrantfarms.com\/fr\/wp-json\/wp\/v2\/product"}],"about":[{"href":"https:\/\/durrantfarms.com\/fr\/wp-json\/wp\/v2\/types\/product"}],"replies":[{"embeddable":true,"href":"https:\/\/durrantfarms.com\/fr\/wp-json\/wp\/v2\/comments?post=2763"}],"wp:featuredmedia":[{"embeddable":true,"href":"https:\/\/durrantfarms.com\/fr\/wp-json\/wp\/v2\/media\/2144"}],"wp:attachment":[{"href":"https:\/\/durrantfarms.com\/fr\/wp-json\/wp\/v2\/media?parent=2763"}],"wp:term":[{"taxonomy":"product_brand","embeddable":true,"href":"https:\/\/durrantfarms.com\/fr\/wp-json\/wp\/v2\/product_brand?post=2763"},{"taxonomy":"product_cat","embeddable":true,"href":"https:\/\/durrantfarms.com\/fr\/wp-json\/wp\/v2\/product_cat?post=2763"},{"taxonomy":"product_tag","embeddable":true,"href":"https:\/\/durrantfarms.com\/fr\/wp-json\/wp\/v2\/product_tag?post=2763"}],"curies":[{"name":"wp","href":"https:\/\/api.w.org\/{rel}","templated":true}]}}