{"id":2769,"date":"2023-12-16T13:35:00","date_gmt":"2023-12-16T18:35:00","guid":{"rendered":"https:\/\/durrantfarms.com\/product\/chaussettes-en-melange-pacarino\/"},"modified":"2023-12-16T13:35:00","modified_gmt":"2023-12-16T13:35:00","slug":"chaussettes-en-melange-pacarino","status":"publish","type":"product","link":"https:\/\/durrantfarms.com\/fr\/product\/chaussettes-en-melange-pacarino\/","title":{"rendered":"Chaussettes en m\u00e9lange Pacarino"},"content":{"rendered":"<p>La chaussette classique Mosaic est tricot\u00e9e avec de la laine d&rsquo;alpaga et de m\u00e9rinos cultiv\u00e9e aux \u00c9tats-Unis et v\u00e9rifi\u00e9e, b\u00e9n\u00e9fique pour le climat ; Cette collection color\u00e9e est con\u00e7ue dans un souci de confort et de performance maximum. Les boucles Pacarino\u2122 Terry-Loops tapissent tout l&rsquo;int\u00e9rieur de la chaussette, vous offrant un \u00e9crasement plus important entre vos pieds et vos bottes. Les chaussettes Pacarino\u2122 sont contr\u00f4l\u00e9es par le climat, ce qui signifie qu&rsquo;elles sont non seulement chaudes les jours froids, mais \u00e9galement \u00e9vacuent l&rsquo;humidit\u00e9 pendant les journ\u00e9es chaudes o\u00f9 vos pieds transpireraient naturellement, gardant vos pieds au chaud, au sec et en bonne sant\u00e9. Respirantes (r\u00e9gulatrices thermiques) et naturellement antimicrobiennes et r\u00e9sistantes aux odeurs, ces chaussettes sont indispensables pour une sant\u00e9 optimale des pieds.<\/p>\n<p>Petit : chaussure pour femme 4-6<br \/>\nMoyen : chaussure pour femme 7-9 et chaussure pour homme 6-9.<br \/>\nGrand : chaussure pour femme 9-12+ et chaussure pour homme 9-12+<\/p>\n<p>Fabriqu\u00e9 avec notre m\u00e9lange Pacarino\u2122. Les avantages sont :<\/p>\n<p>Mati\u00e8re douce et souple<br \/>\nProduit solide et durable<br \/>\nPropri\u00e9t\u00e9s respirantes et antimicrobiennes<br \/>\nR\u00e9gulation Thermique Naturelle<br \/>\nEntretien pour une tenue plus longue : lavage d\u00e9licat \u00e0 l&rsquo;eau froide. Faire s\u00e9cher \u00e0 plat.<\/p>\n<p>Notez les choix de taille lors de la commande !<\/p>\n","protected":false},"excerpt":{"rendered":"<p>Instructions pour les invit\u00e9s apr\u00e8s l&rsquo;achat :<br \/>\nNous vous enverrons un e-mail d\u00e8s r\u00e9ception de votre commande pour discuter de l&rsquo;exp\u00e9dition ou du ramassage. \u00c0 ce moment-l\u00e0, veuillez nous indiquer les tailles de votre commande. Si vous \u00eates un invit\u00e9, veuillez organiser le ramassage avant de quitter la ferme. Pour les non-clients effectuant un achat, le prix comprendra l&rsquo;exp\u00e9dition ou le ramassage \u00e0 la ferme. Nous serons heureux de vous pr\u00e9senter les gar\u00e7ons si vous venez chercher un pick-up.<\/p>\n","protected":false},"featured_media":1962,"comment_status":"open","ping_status":"closed","template":"","meta":[],"product_brand":[],"product_cat":[41],"product_tag":[],"class_list":{"0":"post-2769","1":"product","2":"type-product","3":"status-publish","4":"has-post-thumbnail","6":"product_cat-clothing","8":"first","9":"instock","10":"taxable","11":"shipping-taxable","12":"product-type-variable"},"booking_location":null,"booking_location_type":null,"booking_duration":null,"booking_duration_unit":null,"booking_buffer":null,"booking_cost":null,"booking_resources":null,"cubewp_post_meta":[],"taxonomies":["variable","Clothing","Bubbly Tan","Neutrality Black","Poppy Fields Orange","Soo Vanilla White","L","M","S","Facultatif"],"_links":{"self":[{"href":"https:\/\/durrantfarms.com\/fr\/wp-json\/wp\/v2\/product\/2769","targetHints":{"allow":["GET"]}}],"collection":[{"href":"https:\/\/durrantfarms.com\/fr\/wp-json\/wp\/v2\/product"}],"about":[{"href":"https:\/\/durrantfarms.com\/fr\/wp-json\/wp\/v2\/types\/product"}],"replies":[{"embeddable":true,"href":"https:\/\/durrantfarms.com\/fr\/wp-json\/wp\/v2\/comments?post=2769"}],"wp:featuredmedia":[{"embeddable":true,"href":"https:\/\/durrantfarms.com\/fr\/wp-json\/wp\/v2\/media\/1962"}],"wp:attachment":[{"href":"https:\/\/durrantfarms.com\/fr\/wp-json\/wp\/v2\/media?parent=2769"}],"wp:term":[{"taxonomy":"product_brand","embeddable":true,"href":"https:\/\/durrantfarms.com\/fr\/wp-json\/wp\/v2\/product_brand?post=2769"},{"taxonomy":"product_cat","embeddable":true,"href":"https:\/\/durrantfarms.com\/fr\/wp-json\/wp\/v2\/product_cat?post=2769"},{"taxonomy":"product_tag","embeddable":true,"href":"https:\/\/durrantfarms.com\/fr\/wp-json\/wp\/v2\/product_tag?post=2769"}],"curies":[{"name":"wp","href":"https:\/\/api.w.org\/{rel}","templated":true}]}}