{"id":2771,"date":"2023-12-17T05:12:44","date_gmt":"2023-12-17T10:12:44","guid":{"rendered":"https:\/\/durrantfarms.com\/product\/kit-de-feutrage-a-laiguille-pour-plantes-fantomes-et-succulentes\/"},"modified":"2024-01-12T19:46:28","modified_gmt":"2024-01-12T19:46:28","slug":"kit-de-feutrage-a-laiguille-pour-plantes-fantomes-et-succulentes","status":"publish","type":"product","link":"https:\/\/durrantfarms.com\/fr\/product\/kit-de-feutrage-a-laiguille-pour-plantes-fantomes-et-succulentes\/","title":{"rendered":"Kit de feutrage \u00e0 l&rsquo;aiguille pour plantes fant\u00f4mes et succulentes"},"content":{"rendered":"<p>Ce kit de feutrage \u00e0 l&rsquo;aiguille comprend tout ce qu&rsquo;il faut pour fabriquer une jolie succulente. Parfait pour un rebord de fen\u00eatre ou un espace de travail et il n&rsquo;a jamais besoin d&rsquo;\u00eatre arros\u00e9 ! Il s&rsquo;agit d&rsquo;un projet assez complexe, avec de nombreuses petites feuilles \u00e0 fabriquer, mais gr\u00e2ce aux instructions vid\u00e9o, il peut \u00eatre r\u00e9alis\u00e9 m\u00eame par un d\u00e9butant.<\/p>\n<p>Temps de feutrage : environ 3 heures. en fonction de la vitesse de feutrage.<\/p>\n<p>The kit is beautifully packaged and includes<\/p>\n<p>Guide du feutrage \u00e0 l&rsquo;aiguille pour les d\u00e9butants (quelques informations g\u00e9n\u00e9rales)<br \/>\nFiche d&rsquo;instructions avec des photos de chaque \u00e9tape<br \/>\nLien vers des instructions vid\u00e9o (fortement recommand\u00e9 !)<br \/>\nQuatre aiguilles \u00e0 feutrer cod\u00e9es par couleur dans un tube en papier pratique<br \/>\nPot en bois<br \/>\nLaine de feutrage<br \/>\nTapis de laine (la surface de travail)<\/p>\n<p>Ce kit est destin\u00e9 aux adultes et aux enfants de plus de 10 ans. qui poss\u00e8dent une bonne dext\u00e9rit\u00e9 manuelle, une bonne coordination main-\u0153il et une capacit\u00e9 \u00e0 travailler avec concentration et attention. (Attention, les aiguilles \u00e0 feutrer sont tranchantes !)<\/p>\n","protected":false},"excerpt":{"rendered":"<p>Ces petits projets de sculpture sont livr\u00e9s dans une bo\u00eete avec tout ce dont vous avez besoin (tapis inclus) ! Id\u00e9al pour offrir ou essayer le feutrage \u00e0 l&rsquo;aiguille sans trop investir.<\/p>\n","protected":false},"featured_media":2177,"comment_status":"open","ping_status":"closed","template":"","meta":[],"product_brand":[],"product_cat":[39],"product_tag":[],"class_list":{"0":"post-2771","1":"product","2":"type-product","3":"status-publish","4":"has-post-thumbnail","6":"product_cat-craft-diy","8":"first","9":"instock","10":"taxable","11":"shipping-taxable","12":"product-type-simple"},"cubewp_post_meta":[],"taxonomies":["simple","Craft &amp; DIY","Facultatif"],"_links":{"self":[{"href":"https:\/\/durrantfarms.com\/fr\/wp-json\/wp\/v2\/product\/2771","targetHints":{"allow":["GET"]}}],"collection":[{"href":"https:\/\/durrantfarms.com\/fr\/wp-json\/wp\/v2\/product"}],"about":[{"href":"https:\/\/durrantfarms.com\/fr\/wp-json\/wp\/v2\/types\/product"}],"replies":[{"embeddable":true,"href":"https:\/\/durrantfarms.com\/fr\/wp-json\/wp\/v2\/comments?post=2771"}],"wp:featuredmedia":[{"embeddable":true,"href":"https:\/\/durrantfarms.com\/fr\/wp-json\/wp\/v2\/media\/2177"}],"wp:attachment":[{"href":"https:\/\/durrantfarms.com\/fr\/wp-json\/wp\/v2\/media?parent=2771"}],"wp:term":[{"taxonomy":"product_brand","embeddable":true,"href":"https:\/\/durrantfarms.com\/fr\/wp-json\/wp\/v2\/product_brand?post=2771"},{"taxonomy":"product_cat","embeddable":true,"href":"https:\/\/durrantfarms.com\/fr\/wp-json\/wp\/v2\/product_cat?post=2771"},{"taxonomy":"product_tag","embeddable":true,"href":"https:\/\/durrantfarms.com\/fr\/wp-json\/wp\/v2\/product_tag?post=2771"}],"curies":[{"name":"wp","href":"https:\/\/api.w.org\/{rel}","templated":true}]}}