{"id":2774,"date":"2023-12-17T09:26:00","date_gmt":"2023-12-17T14:26:00","guid":{"rendered":"https:\/\/durrantfarms.com\/product\/kit-de-feutrage-a-laiguille-mountain-sunset\/"},"modified":"2023-12-17T09:26:00","modified_gmt":"2023-12-17T09:26:00","slug":"kit-de-feutrage-a-laiguille-mountain-sunset","status":"publish","type":"product","link":"https:\/\/durrantfarms.com\/fr\/product\/kit-de-feutrage-a-laiguille-mountain-sunset\/","title":{"rendered":"Kit de feutrage \u00e0 l&rsquo;aiguille Mountain Sunset"},"content":{"rendered":"<p>Ce paysage de laine est un projet tr\u00e8s satisfaisant. Assez facile pour une d\u00e9butante, mais toujours agr\u00e9able pour une feutri\u00e8re exp\u00e9riment\u00e9e. Ce kit est un excellent cadeau pour un ami ou un membre de la famille qui aime l&rsquo;artisanat, ou bien faites-vous plaisir et appr\u00e9ciez le processus de cr\u00e9ation de quelque chose de magnifique. Accrochez-le dans un endroit sp\u00e9cial ou offrez-le &#8211; rien ne dit mieux \u00ab\u00a0je t&rsquo;aime\u00a0\u00bb qu&rsquo;un objet d&rsquo;art fait \u00e0 la main.<\/p>\n<p>Temps de feutrage : 3-4 heures. en fonction de la vitesse de feutrage.<\/p>\n<p>The kit is beautifully packaged and includes<br \/>\nGuide du feutrage \u00e0 l&rsquo;aiguille pour les d\u00e9butants (quelques informations g\u00e9n\u00e9rales)<br \/>\nFiche d&rsquo;instructions avec des photos de chaque \u00e9tape<br \/>\nLien vers des instructions vid\u00e9o (fortement recommand\u00e9 !)<br \/>\nDeux aiguilles \u00e0 feutrer cod\u00e9es par couleur dans un tube en papier pratique<br \/>\nDeux types de laine de feutrage<br \/>\nSupport en tissu de lin<br \/>\nHaute qualit\u00e9 7 in. cerceau en bois<\/p>\n<p>Vous aurez \u00e9galement besoin de<br \/>\nDes ciseaux et de la colle pour fixer l&rsquo;image dans le cerceau une fois qu&rsquo;elle est termin\u00e9e, ainsi qu&rsquo;un tapis qui servira de surface de travail. VENDU S\u00c9PAR\u00c9MENT. Choisissez entre la mousse et la laine. La mousse est la plus \u00e9conomique mais s&rsquo;use le plus rapidement. La laine est \u00e9cologique, tr\u00e8s durable et convient particuli\u00e8rement bien \u00e0 ce projet, mais elle repr\u00e9sente un investissement initial plus important.<\/p>\n<p>Ce kit est destin\u00e9 aux adultes et aux enfants de plus de 10 ans. qui poss\u00e8dent une bonne dext\u00e9rit\u00e9 manuelle, une bonne coordination main-\u0153il et une capacit\u00e9 \u00e0 travailler avec concentration et attention. (Attention, les aiguilles \u00e0 feutrer sont tranchantes !)<\/p>\n","protected":false},"excerpt":{"rendered":"<p>Ce paysage de laine est un projet tr\u00e8s satisfaisant. Assez facile pour une d\u00e9butante, mais toujours agr\u00e9able pour une feutri\u00e8re exp\u00e9riment\u00e9e. Ce kit est un excellent cadeau pour un ami ou un membre de la famille qui aime l&rsquo;artisanat, ou bien faites-vous plaisir et appr\u00e9ciez le processus de cr\u00e9ation de quelque chose de magnifique. Accrochez-le [&hellip;]<\/p>\n","protected":false},"featured_media":2156,"comment_status":"open","ping_status":"closed","template":"","meta":[],"product_brand":[],"product_cat":[39],"product_tag":[],"class_list":{"0":"post-2774","1":"product","2":"type-product","3":"status-publish","4":"has-post-thumbnail","6":"product_cat-craft-diy","8":"first","9":"instock","10":"taxable","11":"shipping-taxable","12":"product-type-simple"},"booking_location":null,"booking_location_type":null,"booking_duration":null,"booking_duration_unit":null,"booking_buffer":null,"booking_cost":null,"booking_resources":null,"cubewp_post_meta":[],"taxonomies":["simple","Craft &amp; DIY","Facultatif"],"_links":{"self":[{"href":"https:\/\/durrantfarms.com\/fr\/wp-json\/wp\/v2\/product\/2774","targetHints":{"allow":["GET"]}}],"collection":[{"href":"https:\/\/durrantfarms.com\/fr\/wp-json\/wp\/v2\/product"}],"about":[{"href":"https:\/\/durrantfarms.com\/fr\/wp-json\/wp\/v2\/types\/product"}],"replies":[{"embeddable":true,"href":"https:\/\/durrantfarms.com\/fr\/wp-json\/wp\/v2\/comments?post=2774"}],"wp:featuredmedia":[{"embeddable":true,"href":"https:\/\/durrantfarms.com\/fr\/wp-json\/wp\/v2\/media\/2156"}],"wp:attachment":[{"href":"https:\/\/durrantfarms.com\/fr\/wp-json\/wp\/v2\/media?parent=2774"}],"wp:term":[{"taxonomy":"product_brand","embeddable":true,"href":"https:\/\/durrantfarms.com\/fr\/wp-json\/wp\/v2\/product_brand?post=2774"},{"taxonomy":"product_cat","embeddable":true,"href":"https:\/\/durrantfarms.com\/fr\/wp-json\/wp\/v2\/product_cat?post=2774"},{"taxonomy":"product_tag","embeddable":true,"href":"https:\/\/durrantfarms.com\/fr\/wp-json\/wp\/v2\/product_tag?post=2774"}],"curies":[{"name":"wp","href":"https:\/\/api.w.org\/{rel}","templated":true}]}}