{"id":2775,"date":"2023-12-17T05:43:34","date_gmt":"2023-12-17T10:43:34","guid":{"rendered":"https:\/\/durrantfarms.com\/product\/pacarino-blend-fil-de-poids-sport\/"},"modified":"2023-12-17T05:43:34","modified_gmt":"2023-12-17T05:43:34","slug":"pacarino-blend-fil-de-poids-sport","status":"publish","type":"product","link":"https:\/\/durrantfarms.com\/fr\/product\/pacarino-blend-fil-de-poids-sport\/","title":{"rendered":"Pacarino Blend &#8211; Fil de poids sport"},"content":{"rendered":"<p>Denali est notre m\u00e9lange le plus vendu depuis sa sortie, il y a presque 5 ans ! Un des favoris des clients depuis le premier jour et ce n&rsquo;est pas \u00e9tonnant&#8230; Je pense que c&rsquo;est le mariage parfait de la fibre ! M\u00e9lange d&rsquo;Alpaga cultiv\u00e9 aux \u00c9tats-Unis et de laine certifi\u00e9e Carbon Beneficial, ce fil offre une main incomparable, un lustre \u00e0 couper le souffle et un \u00e9quilibre parfait entre drap\u00e9 et m\u00e9moire. Id\u00e9al pour les projets de petite ou grande envergure, d\u00e9couvrez la magie de Pacarino\u2122.<\/p>\n<p>Description :<br \/>\nTous les produits Imperial Yarn sont fi\u00e8rement cultiv\u00e9s et fabriqu\u00e9s aux \u00c9tats-Unis.<\/p>\n<p>Type : 2 plis 6.0 WC Sport<br \/>\nNom : Denali<br \/>\nCouleurs : Disponible en 16 couleurs<br \/>\nPoids : 50 grammes<br \/>\nNombre approximatif de m\u00e8tres : 195 yards par \u00e9cheveau de 50 grammes<br \/>\nM\u00e9lange : Pacarino &#8211; Alpaga am\u00e9ricain de premi\u00e8re qualit\u00e9, laine certifi\u00e9e b\u00e9n\u00e9fique pour le climat<br \/>\nJauge : 26 m = 4 in sq sur des aiguilles US 4 (3.5 mm)<\/p>\n","protected":false},"excerpt":{"rendered":"<p>Instructions pour les invit\u00e9s apr\u00e8s l&rsquo;achat :<br \/>\nNous vous enverrons un e-mail d\u00e8s r\u00e9ception de votre commande pour discuter de l&rsquo;exp\u00e9dition ou du ramassage. Si vous \u00eates un invit\u00e9, veuillez organiser le ramassage avant de quitter la ferme. Pour les non-clients effectuant un achat, le prix comprendra l&rsquo;exp\u00e9dition ou le ramassage \u00e0 la ferme. Nous serons heureux de vous pr\u00e9senter les gar\u00e7ons si vous venez chercher un pick-up.<\/p>\n","protected":false},"featured_media":4503,"comment_status":"open","ping_status":"closed","template":"","meta":[],"product_brand":[],"product_cat":[39],"product_tag":[],"class_list":{"0":"post-2775","1":"product","2":"type-product","3":"status-publish","4":"has-post-thumbnail","6":"product_cat-craft-diy","8":"first","9":"instock","10":"taxable","11":"shipping-taxable","12":"product-type-variable"},"booking_location":null,"booking_location_type":null,"booking_duration":null,"booking_duration_unit":null,"booking_buffer":null,"booking_cost":null,"booking_resources":null,"cubewp_post_meta":[],"taxonomies":["variable","Craft &amp; DIY","Dusk","Pearl Gray","Sagebrush","Facultatif"],"_links":{"self":[{"href":"https:\/\/durrantfarms.com\/fr\/wp-json\/wp\/v2\/product\/2775","targetHints":{"allow":["GET"]}}],"collection":[{"href":"https:\/\/durrantfarms.com\/fr\/wp-json\/wp\/v2\/product"}],"about":[{"href":"https:\/\/durrantfarms.com\/fr\/wp-json\/wp\/v2\/types\/product"}],"replies":[{"embeddable":true,"href":"https:\/\/durrantfarms.com\/fr\/wp-json\/wp\/v2\/comments?post=2775"}],"wp:featuredmedia":[{"embeddable":true,"href":"https:\/\/durrantfarms.com\/fr\/wp-json\/wp\/v2\/media\/4503"}],"wp:attachment":[{"href":"https:\/\/durrantfarms.com\/fr\/wp-json\/wp\/v2\/media?parent=2775"}],"wp:term":[{"taxonomy":"product_brand","embeddable":true,"href":"https:\/\/durrantfarms.com\/fr\/wp-json\/wp\/v2\/product_brand?post=2775"},{"taxonomy":"product_cat","embeddable":true,"href":"https:\/\/durrantfarms.com\/fr\/wp-json\/wp\/v2\/product_cat?post=2775"},{"taxonomy":"product_tag","embeddable":true,"href":"https:\/\/durrantfarms.com\/fr\/wp-json\/wp\/v2\/product_tag?post=2775"}],"curies":[{"name":"wp","href":"https:\/\/api.w.org\/{rel}","templated":true}]}}