{"id":2781,"date":"2023-12-17T09:31:16","date_gmt":"2023-12-17T14:31:16","guid":{"rendered":"https:\/\/durrantfarms.com\/product\/kit-de-feutrage-a-laiguille-pour-lama\/"},"modified":"2024-01-12T19:44:52","modified_gmt":"2024-01-12T19:44:52","slug":"kit-de-feutrage-a-laiguille-pour-lama","status":"publish","type":"product","link":"https:\/\/durrantfarms.com\/fr\/product\/kit-de-feutrage-a-laiguille-pour-lama\/","title":{"rendered":"Kit de feutrage \u00e0 l&rsquo;aiguille pour lama"},"content":{"rendered":"<p>Voici un magnifique kit de l&rsquo;artiste Dani Ives repr\u00e9sentant un lama dans une bo\u00eete de 8 pouces. cerceau ! Il s&rsquo;agit d&rsquo;un kit interm\u00e9diaire. Nous vous recommandons d&rsquo;avoir au moins une petite exp\u00e9rience du feutrage \u00e0 l&rsquo;aiguille plate avant de vous attaquer \u00e0 ce projet. Veuillez noter que contrairement \u00e0 nos autres kits, il n&rsquo;y a pas de feuille d&rsquo;instructions. Au lieu de cela, vous obtenez un tutoriel vid\u00e9o approfondi enseign\u00e9 par Dani.<\/p>\n<p>The kit is beautifully packaged and includes<br \/>\nFiche d&rsquo;information sur le feutrage \u00e0 l&rsquo;aiguille<br \/>\nLien vers les instructions vid\u00e9o<br \/>\nDeux aiguilles \u00e0 feutrer cod\u00e9es par couleur dans un tube en papier pratique<br \/>\nLaine de feutrage (tous les Felter&rsquo;s Palette)<br \/>\nSupport en feutre 100% laine<br \/>\nHaute qualit\u00e9 8 in. cerceau en bois<br \/>\nTapis en mousse 10&#215;10<br \/>\nMotif lama<br \/>\nStylo de transfert thermocollant<\/p>\n<p>Vous aurez \u00e9galement besoin de<br \/>\nUn fer \u00e0 repasser, pour transf\u00e9rer le motif sur la feutrine. Il faut aussi des ciseaux et de la colle pour fixer l&rsquo;image dans le cerceau une fois qu&rsquo;elle est termin\u00e9e. Il est recommand\u00e9 d&rsquo;utiliser de la colle chaude.<\/p>\n<p>Ce kit est destin\u00e9 aux adultes et aux enfants de plus de 10 ans. qui poss\u00e8dent une bonne dext\u00e9rit\u00e9 manuelle, une bonne coordination main-\u0153il et une capacit\u00e9 \u00e0 travailler avec concentration et attention. (Attention, les aiguilles \u00e0 feutrer sont tranchantes !)<\/p>\n","protected":false},"excerpt":{"rendered":"<p>Voici un magnifique kit de l&rsquo;artiste Dani Ives repr\u00e9sentant un lama dans une bo\u00eete de 8 pouces. cerceau ! Il s&rsquo;agit d&rsquo;un kit interm\u00e9diaire. Nous vous recommandons d&rsquo;avoir au moins une petite exp\u00e9rience du feutrage \u00e0 l&rsquo;aiguille plate avant de vous attaquer \u00e0 ce projet. Veuillez noter que contrairement \u00e0 nos autres kits, il n&rsquo;y [&hellip;]<\/p>\n","protected":false},"featured_media":2160,"comment_status":"open","ping_status":"closed","template":"","meta":[],"product_brand":[],"product_cat":[39],"product_tag":[],"class_list":{"0":"post-2781","1":"product","2":"type-product","3":"status-publish","4":"has-post-thumbnail","6":"product_cat-craft-diy","8":"first","9":"instock","10":"taxable","11":"shipping-taxable","12":"product-type-simple"},"booking_location":null,"booking_location_type":null,"booking_duration":null,"booking_duration_unit":null,"booking_buffer":null,"booking_cost":null,"booking_resources":null,"cubewp_post_meta":[],"taxonomies":["simple","Craft &amp; DIY","Facultatif"],"_links":{"self":[{"href":"https:\/\/durrantfarms.com\/fr\/wp-json\/wp\/v2\/product\/2781","targetHints":{"allow":["GET"]}}],"collection":[{"href":"https:\/\/durrantfarms.com\/fr\/wp-json\/wp\/v2\/product"}],"about":[{"href":"https:\/\/durrantfarms.com\/fr\/wp-json\/wp\/v2\/types\/product"}],"replies":[{"embeddable":true,"href":"https:\/\/durrantfarms.com\/fr\/wp-json\/wp\/v2\/comments?post=2781"}],"wp:featuredmedia":[{"embeddable":true,"href":"https:\/\/durrantfarms.com\/fr\/wp-json\/wp\/v2\/media\/2160"}],"wp:attachment":[{"href":"https:\/\/durrantfarms.com\/fr\/wp-json\/wp\/v2\/media?parent=2781"}],"wp:term":[{"taxonomy":"product_brand","embeddable":true,"href":"https:\/\/durrantfarms.com\/fr\/wp-json\/wp\/v2\/product_brand?post=2781"},{"taxonomy":"product_cat","embeddable":true,"href":"https:\/\/durrantfarms.com\/fr\/wp-json\/wp\/v2\/product_cat?post=2781"},{"taxonomy":"product_tag","embeddable":true,"href":"https:\/\/durrantfarms.com\/fr\/wp-json\/wp\/v2\/product_tag?post=2781"}],"curies":[{"name":"wp","href":"https:\/\/api.w.org\/{rel}","templated":true}]}}