{"id":2783,"date":"2023-12-04T11:12:41","date_gmt":"2023-12-04T16:12:41","guid":{"rendered":"https:\/\/durrantfarms.com\/product\/savon-dalpaga-artisanal-dorigine-locale\/"},"modified":"2024-01-12T19:44:52","modified_gmt":"2024-01-12T19:44:52","slug":"savon-dalpaga-artisanal-dorigine-locale","status":"publish","type":"product","link":"https:\/\/durrantfarms.com\/fr\/product\/savon-dalpaga-artisanal-dorigine-locale\/","title":{"rendered":"Savon d&rsquo;alpaga artisanal d&rsquo;origine locale"},"content":{"rendered":"<p>Nous nous sommes associ\u00e9s \u00e0 un fabricant de savon local (JS Soaps) qui nous a aid\u00e9s \u00e0 choisir notre \u00ab\u00a0parfum signature\u00a0\u00bb et a cr\u00e9\u00e9 les plus adorables savons \u00e0 base d&rsquo;alpaga pour notre ferme. Fabriqu\u00e9s \u00e0 la main avec des senteurs et des ingr\u00e9dients enti\u00e8rement naturels, ces savons d&rsquo;alpaga d&rsquo;une contenance d&rsquo;une once sentent tr\u00e8s bon. Le parfum caract\u00e9ristique de Durrant Farms s&rsquo;appelle \u00ab\u00a0Citrus Sunshine\u00a0\u00bb. Le profil olfactif est la combinaison parfaite d&rsquo;un soleil doux et chaud avec un soup\u00e7on de lessive fra\u00eeche. Tous les savons sont fabriqu\u00e9s \u00e0 partir d&rsquo;ingr\u00e9dients s\u00fbrs et non toxiques qui conviennent aux personnes ayant une peau sensible ou des probl\u00e8mes de peau.<\/p>\n<p>Si vous avez une pr\u00e9f\u00e9rence de couleur, veuillez nous le faire savoir en nous envoyant un courriel \u00e0 hello@durrantfarms.com au moment de l&rsquo;achat, sinon votre couleur sera choisie au hasard. Toutes les couleurs ont la m\u00eame odeur.<\/p>\n","protected":false},"excerpt":{"rendered":"<p>Nous nous sommes associ\u00e9s \u00e0 un fabricant de savon local (JS Soaps) qui nous a aid\u00e9s \u00e0 choisir notre \u00ab\u00a0parfum signature\u00a0\u00bb et a cr\u00e9\u00e9 les plus adorables savons \u00e0 base d&rsquo;alpaga pour notre ferme. Fabriqu\u00e9s \u00e0 la main avec des senteurs et des ingr\u00e9dients enti\u00e8rement naturels, ces savons d&rsquo;alpaga d&rsquo;une contenance d&rsquo;une once sentent tr\u00e8s [&hellip;]<\/p>\n","protected":false},"featured_media":2359,"comment_status":"open","ping_status":"closed","template":"","meta":[],"product_brand":[],"product_cat":[42],"product_tag":[],"class_list":{"0":"post-2783","1":"product","2":"type-product","3":"status-publish","4":"has-post-thumbnail","6":"product_cat-local-products","8":"first","9":"instock","10":"taxable","11":"shipping-taxable","12":"product-type-simple"},"booking_location":null,"booking_location_type":null,"booking_duration":null,"booking_duration_unit":null,"booking_buffer":null,"booking_cost":null,"booking_resources":null,"cubewp_post_meta":[],"taxonomies":["simple","Local Products","Facultatif"],"_links":{"self":[{"href":"https:\/\/durrantfarms.com\/fr\/wp-json\/wp\/v2\/product\/2783","targetHints":{"allow":["GET"]}}],"collection":[{"href":"https:\/\/durrantfarms.com\/fr\/wp-json\/wp\/v2\/product"}],"about":[{"href":"https:\/\/durrantfarms.com\/fr\/wp-json\/wp\/v2\/types\/product"}],"replies":[{"embeddable":true,"href":"https:\/\/durrantfarms.com\/fr\/wp-json\/wp\/v2\/comments?post=2783"}],"wp:featuredmedia":[{"embeddable":true,"href":"https:\/\/durrantfarms.com\/fr\/wp-json\/wp\/v2\/media\/2359"}],"wp:attachment":[{"href":"https:\/\/durrantfarms.com\/fr\/wp-json\/wp\/v2\/media?parent=2783"}],"wp:term":[{"taxonomy":"product_brand","embeddable":true,"href":"https:\/\/durrantfarms.com\/fr\/wp-json\/wp\/v2\/product_brand?post=2783"},{"taxonomy":"product_cat","embeddable":true,"href":"https:\/\/durrantfarms.com\/fr\/wp-json\/wp\/v2\/product_cat?post=2783"},{"taxonomy":"product_tag","embeddable":true,"href":"https:\/\/durrantfarms.com\/fr\/wp-json\/wp\/v2\/product_tag?post=2783"}],"curies":[{"name":"wp","href":"https:\/\/api.w.org\/{rel}","templated":true}]}}