{"id":2791,"date":"2023-12-16T13:30:25","date_gmt":"2023-12-16T13:30:25","guid":{"rendered":"https:\/\/durrantfarms.com\/product\/plaid-chevron-anthracite\/"},"modified":"2024-01-12T19:44:53","modified_gmt":"2024-01-12T19:44:53","slug":"plaid-chevron-anthracite","status":"publish","type":"product","link":"https:\/\/durrantfarms.com\/fr\/product\/plaid-chevron-anthracite\/","title":{"rendered":"Plaid Chevron (anthracite)"},"content":{"rendered":"<p>Ce jet\u00e9 tiss\u00e9 en fibres naturelles est r\u00e9tro-chic, arborant un motif \u00e0 chevrons classique avec une touche nouvelle et moderne. Un m\u00e9lange pr\u00e9cis de m\u00e9rinos et d&rsquo;alpaga b\u00e9n\u00e9fiques pour le climat constitue le fil de remplissage, associ\u00e9 \u00e0 une cha\u00eene en coton naturel et biologique pour conf\u00e9rer \u00e0 ce jet\u00e9 un toucher d\u00e9licieux et une texture unique qui n&rsquo;est rien de moins que digne d&rsquo;un c\u00e2lin ! Ce lancer de poids patrimonial p\u00e8se un peu plus de deux livres de belle fibre naturelle cultiv\u00e9e en Am\u00e9rique, avec des dimensions finies de \u00a0\u00bb 46\u2033 de large x 70\u2033 de long (frange incluse).<\/p>\n<p>Construction : Fi\u00e8rement tiss\u00e9 aux \u00c9tats-Unis<br \/>\nContenu : Alpaga, m\u00e9rinos et coton cultiv\u00e9s en Am\u00e9rique<br \/>\nPoids fini : 32 Oz. Dimensions finies : 46\u2033 x 70\u2033 Frang\u00e9<br \/>\nEntretien : Lavage \u00e0 la main \u00e0 l&rsquo;eau froide, s\u00e9chage \u00e0 plat ou nettoyage \u00e0 sec<\/p>\n","protected":false},"excerpt":{"rendered":"<p>Instructions pour les invit\u00e9s apr\u00e8s l&rsquo;achat :<br \/>\nNous vous enverrons un e-mail d\u00e8s r\u00e9ception de votre commande pour discuter de l&rsquo;exp\u00e9dition ou du ramassage. Si vous \u00eates un invit\u00e9, veuillez organiser le ramassage avant de quitter la ferme. Pour les non-clients effectuant un achat, le prix comprendra l&rsquo;exp\u00e9dition ou le ramassage \u00e0 la ferme. Nous serons heureux de vous pr\u00e9senter les gar\u00e7ons si vous venez chercher un pick-up.<\/p>\n","protected":false},"featured_media":3189,"comment_status":"open","ping_status":"closed","template":"","meta":[],"product_brand":[],"product_cat":[40],"product_tag":[],"class_list":{"0":"post-2791","1":"product","2":"type-product","3":"status-publish","4":"has-post-thumbnail","6":"product_cat-blankets","8":"first","9":"instock","10":"taxable","11":"shipping-taxable","12":"product-type-simple"},"booking_location":null,"booking_location_type":null,"booking_duration":null,"booking_duration_unit":null,"booking_buffer":null,"booking_cost":null,"booking_resources":null,"cubewp_post_meta":[],"taxonomies":["simple","outofstock","Blankets","Facultatif"],"_links":{"self":[{"href":"https:\/\/durrantfarms.com\/fr\/wp-json\/wp\/v2\/product\/2791","targetHints":{"allow":["GET"]}}],"collection":[{"href":"https:\/\/durrantfarms.com\/fr\/wp-json\/wp\/v2\/product"}],"about":[{"href":"https:\/\/durrantfarms.com\/fr\/wp-json\/wp\/v2\/types\/product"}],"replies":[{"embeddable":true,"href":"https:\/\/durrantfarms.com\/fr\/wp-json\/wp\/v2\/comments?post=2791"}],"wp:featuredmedia":[{"embeddable":true,"href":"https:\/\/durrantfarms.com\/fr\/wp-json\/wp\/v2\/media\/3189"}],"wp:attachment":[{"href":"https:\/\/durrantfarms.com\/fr\/wp-json\/wp\/v2\/media?parent=2791"}],"wp:term":[{"taxonomy":"product_brand","embeddable":true,"href":"https:\/\/durrantfarms.com\/fr\/wp-json\/wp\/v2\/product_brand?post=2791"},{"taxonomy":"product_cat","embeddable":true,"href":"https:\/\/durrantfarms.com\/fr\/wp-json\/wp\/v2\/product_cat?post=2791"},{"taxonomy":"product_tag","embeddable":true,"href":"https:\/\/durrantfarms.com\/fr\/wp-json\/wp\/v2\/product_tag?post=2791"}],"curies":[{"name":"wp","href":"https:\/\/api.w.org\/{rel}","templated":true}]}}